{"id":713,"date":"2019-08-11T16:11:42","date_gmt":"2019-08-11T08:11:42","guid":{"rendered":"https:\/\/csneo.net\/?page_id=713"},"modified":"2025-12-11T01:30:15","modified_gmt":"2025-12-10T17:30:15","slug":"lan-online-play","status":"publish","type":"page","link":"https:\/\/csneo.net\/de\/guide\/lan-online-play\/","title":{"rendered":"LAN\/ Online (Teknoparrot) spielen"},"content":{"rendered":"<div data-elementor-type=\"wp-post\" data-elementor-id=\"713\" class=\"elementor elementor-713\" data-elementor-post-type=\"page\">\n\t\t\t\t\t\t<section class=\"elementor-section elementor-top-section elementor-element elementor-element-efb4e6e elementor-section-full_width elementor-section-height-default elementor-section-height-default\" data-id=\"efb4e6e\" data-element_type=\"section\" data-e-type=\"section\" id=\"sec-margin\">\n\t\t\t\t\t\t<div class=\"elementor-container elementor-column-gap-default\">\n\t\t\t\t\t<div class=\"aux-parallax-section elementor-column elementor-col-33 elementor-top-column elementor-element elementor-element-ce7b51a\" data-id=\"ce7b51a\" data-element_type=\"column\" data-e-type=\"column\">\n\t\t\t<div class=\"elementor-widget-wrap\">\n\t\t\t\t\t\t\t<\/div>\n\t\t<\/div>\n\t\t\t\t<div class=\"aux-parallax-section elementor-column elementor-col-33 elementor-top-column elementor-element elementor-element-c70e7dc\" data-id=\"c70e7dc\" data-element_type=\"column\" data-e-type=\"column\" data-settings=\"{&quot;background_background&quot;:&quot;classic&quot;}\">\n\t\t\t<div class=\"elementor-widget-wrap elementor-element-populated\">\n\t\t\t\t\t\t<div class=\"elementor-element elementor-element-ee2023b elementor-widget elementor-widget-shortcode\" data-id=\"ee2023b\" data-element_type=\"widget\" data-e-type=\"widget\" data-widget_type=\"shortcode.default\">\n\t\t\t\t<div class=\"elementor-widget-container\">\n\t\t\t\t\t\t\t<div class=\"elementor-shortcode\"><span><span><a href=\"https:\/\/csneo.net\/de\/\">Startseite<\/a><\/span><\/span><\/div>\n\t\t\t\t\t\t<\/div>\n\t\t\t\t<\/div>\n\t\t\t\t<div class=\"elementor-element elementor-element-39f0a17 elementor-widget elementor-widget-heading\" data-id=\"39f0a17\" data-element_type=\"widget\" data-e-type=\"widget\" data-widget_type=\"heading.default\">\n\t\t\t\t<div class=\"elementor-widget-container\">\n\t\t\t\t\t<h1 class=\"elementor-heading-title elementor-size-xl\">LAN\/ Online-Spiel<\/h1>\t\t\t\t<\/div>\n\t\t\t\t<\/div>\n\t\t\t\t<div class=\"elementor-element elementor-element-b26f157 elementor-widget elementor-widget-heading\" data-id=\"b26f157\" data-element_type=\"widget\" data-e-type=\"widget\" data-widget_type=\"heading.default\">\n\t\t\t\t<div class=\"elementor-widget-container\">\n\t\t\t\t\t<h2 class=\"elementor-heading-title elementor-size-large\">Teknoparrot-Emulator<\/h2>\t\t\t\t<\/div>\n\t\t\t\t<\/div>\n\t\t\t\t<div class=\"elementor-element elementor-element-edccfe5 elementor-alert-info elementor-widget elementor-widget-alert\" data-id=\"edccfe5\" data-element_type=\"widget\" data-e-type=\"widget\" data-widget_type=\"alert.default\">\n\t\t\t\t<div class=\"elementor-widget-container\">\n\t\t\t\t\t\t\t<div class=\"elementor-alert\" role=\"alert\">\n\n\t\t\t\t\t\t<span class=\"elementor-alert-title\">ANMERKUNG<\/span>\n\t\t\t\n\t\t\t\t\t\t<span class=\"elementor-alert-description\">Diese Funktion ist zwar eine schnellere M\u00f6glichkeit, mit anderen Spielern in Kontakt zu treten, aber sie ist nur f\u00fcr deren <b><a href=\"https:\/\/teknoparrot.com\/Home\/Subscription\" target=\"_blank\">ABONNENTEN.<\/a><\/b> <\/span>\n\t\t\t\n\t\t\t\t\t\t<button type=\"button\" class=\"elementor-alert-dismiss\" aria-label=\"Ignorieren Sie diese Meldung.\">\n\t\t\t\t\t\t\t\t\t<span aria-hidden=\"true\">\u00d7<\/span>\n\t\t\t\t\t\t\t<\/button>\n\t\t\t\n\t\t<\/div>\n\t\t\t\t\t\t<\/div>\n\t\t\t\t<\/div>\n\t\t\t\t<div class=\"elementor-element elementor-element-a273ac8 elementor-widget elementor-widget-text-editor\" data-id=\"a273ac8\" data-element_type=\"widget\" data-e-type=\"widget\" data-widget_type=\"text-editor.default\">\n\t\t\t\t<div class=\"elementor-widget-container\">\n\t\t\t\t\t\t\t\t\t<p><span style=\"text-decoration: underline;\"><strong>SCHRITT 1<br \/><\/strong><\/span>Starten Sie Teknoparrot (TeknoParrotUi.exe).<span style=\"text-decoration: underline;\"><strong><br \/><\/strong><\/span><\/p><p><span style=\"text-decoration: underline;\"><strong>SCHRITT 2<br \/><\/strong><\/span>Klicken Sie auf den Hamburger <strong>(\u2261)<\/strong> in der oberen linken Ecke, gefolgt von \"TeknoParrot Online\".<\/p><p><span style=\"text-decoration: underline;\"><strong>SCHRITT 3<br \/><\/strong><\/span>Um einem Spiel beizutreten, klicken Sie auf <strong>Nach Spiel filtern'.<\/strong> und w\u00e4hlen Sie <strong>'Counter-Strike NEO'.<\/strong> W\u00e4hlen Sie dann eine Lobby und klicken Sie auf <strong>Lobby beitreten und Spiel starten\".<\/strong><\/p><p><a href=\"https:\/\/csneo.net\/wp-content\/uploads\/2019\/08\/teknoparrot-online.jpg\"><img fetchpriority=\"high\" decoding=\"async\" class=\"aligncenter wp-image-749 size-medium\" src=\"https:\/\/csneo.net\/wp-content\/uploads\/2019\/08\/teknoparrot-online-300x300.jpg\" alt=\"TeknoParrot Lobby\" width=\"300\" height=\"300\" srcset=\"https:\/\/csneo.net\/wp-content\/uploads\/2019\/08\/teknoparrot-online-300x300.jpg 300w, https:\/\/csneo.net\/wp-content\/uploads\/2019\/08\/teknoparrot-online-150x150.jpg 150w, https:\/\/csneo.net\/wp-content\/uploads\/2019\/08\/teknoparrot-online-768x768.jpg 768w\" sizes=\"(max-width: 300px) 100vw, 300px\" \/><\/a><\/p>\t\t\t\t\t\t\t\t<\/div>\n\t\t\t\t<\/div>\n\t\t\t\t<div class=\"elementor-element elementor-element-ac23fd4 elementor-widget elementor-widget-heading\" data-id=\"ac23fd4\" data-element_type=\"widget\" data-e-type=\"widget\" data-widget_type=\"heading.default\">\n\t\t\t\t<div class=\"elementor-widget-container\">\n\t\t\t\t\t<h2 class=\"elementor-heading-title elementor-size-large\">LAN (Local Area Network)<\/h2>\t\t\t\t<\/div>\n\t\t\t\t<\/div>\n\t\t\t\t<div class=\"elementor-element elementor-element-1e38feb elementor-widget elementor-widget-shortcode\" data-id=\"1e38feb\" data-element_type=\"widget\" data-e-type=\"widget\" data-widget_type=\"shortcode.default\">\n\t\t\t\t<div class=\"elementor-widget-container\">\n\t\t\t\t\t\t\t<div class=\"elementor-shortcode\"><div id=\"csneo-1762226395\"><script async src=\"\/\/pagead2.googlesyndication.com\/pagead\/js\/adsbygoogle.js?client=ca-pub-5792463072011307\" crossorigin=\"anonymous\"><\/script><ins class=\"adsbygoogle\" style=\"display:block;\" data-ad-client=\"ca-pub-5792463072011307\" \ndata-ad-slot=\"9729357651\" \ndata-ad-format=\"auto\" data-full-width-responsive=\"true\"><\/ins>\n<script> \n(adsbygoogle = window.adsbygoogle || []).push({}); \n<\/script>\n<\/div><\/div>\n\t\t\t\t\t\t<\/div>\n\t\t\t\t<\/div>\n\t\t\t\t<div class=\"elementor-element elementor-element-e91c808 elementor-widget elementor-widget-text-editor\" data-id=\"e91c808\" data-element_type=\"widget\" data-e-type=\"widget\" data-widget_type=\"text-editor.default\">\n\t\t\t\t<div class=\"elementor-widget-container\">\n\t\t\t\t\t\t\t\t\t<p><span style=\"text-decoration: underline;\"><strong>SCHRITT 1<br \/><\/strong><\/span>F\u00fchren Sie Counter-Strike NEO auf Teknoparrot aus.<span style=\"text-decoration: underline;\"><strong><br \/><\/strong><\/span><\/p><p><span style=\"text-decoration: underline;\"><strong>SCHRITT 2<br \/><\/strong><\/span>\u00d6ffnen Sie die Konsole mit <strong>ALT+F7<\/strong> Tasten, dann Eingabe <strong>\"Karte \"<\/strong> ohne Anf\u00fchrungszeichen und dr\u00fccken Sie ENTER. Die vollst\u00e4ndige Liste der spielbaren Karten finden Sie unter <span style=\"color: #0000ff;\"><strong><a style=\"color: #0000ff;\" href=\"https:\/\/csneo.net\/de\/guide\/maps-list\/\" target=\"_blank\" rel=\"noopener\">hier<\/a>.<\/strong><\/span> Sie haben nun einen lokalen Server erstellt.<\/p><p><span style=\"text-decoration: underline;\"><strong>SCHRITT 3<br \/><\/strong><\/span>\u00d6ffnen Sie die Eingabeaufforderung, geben Sie ein <strong>\"ipconfig\"<\/strong> ohne Anf\u00fchrungszeichen, und dr\u00fccken Sie dann ENTER.<\/p><p><div id=\"csneo-573263363\"><script async src=\"\/\/pagead2.googlesyndication.com\/pagead\/js\/adsbygoogle.js?client=ca-pub-5792463072011307\" crossorigin=\"anonymous\"><\/script><ins class=\"adsbygoogle\" style=\"display:block; text-align:center;\" data-ad-client=\"ca-pub-5792463072011307\" \ndata-ad-slot=\"2424494967\" \ndata-ad-layout=\"in-article\"\ndata-ad-format=\"fluid\" data-full-width-responsive=\"true\"><\/ins>\n<script> \n(adsbygoogle = window.adsbygoogle || []).push({}); \n<\/script>\n<\/div><\/p><p>Suchen Sie nach der IPv4-Adresse. Diese wird ben\u00f6tigt, damit sich andere mit dem Server verbinden k\u00f6nnen.<\/p><p>Wenn Sie sich an einem zweiten PC\/Laptop befinden, \u00f6ffnen Sie die Konsole, geben Sie \"<strong>verbinden \"<\/strong> ohne Anf\u00fchrungszeichen und dr\u00fccken Sie ENTER.<\/p><p><a href=\"https:\/\/csneo.net\/wp-content\/uploads\/2019\/08\/connect-local.jpg\"><img decoding=\"async\" class=\"aligncenter wp-image-762 size-full\" src=\"https:\/\/csneo.net\/wp-content\/uploads\/2019\/08\/connect-local.jpg\" alt=\"Local IP Address\" width=\"480\" height=\"417\" \/><\/a><\/p>\t\t\t\t\t\t\t\t<\/div>\n\t\t\t\t<\/div>\n\t\t\t\t\t<\/div>\n\t\t<\/div>\n\t\t\t\t<div class=\"aux-parallax-section elementor-column elementor-col-33 elementor-top-column elementor-element elementor-element-4756449\" data-id=\"4756449\" data-element_type=\"column\" data-e-type=\"column\">\n\t\t\t<div class=\"elementor-widget-wrap\">\n\t\t\t\t\t\t\t<\/div>\n\t\t<\/div>\n\t\t\t\t\t<\/div>\n\t\t<\/section>\n\t\t\t\t<section class=\"elementor-section elementor-top-section elementor-element elementor-element-a17ac6c elementor-section-boxed elementor-section-height-default elementor-section-height-default\" data-id=\"a17ac6c\" data-element_type=\"section\" data-e-type=\"section\">\n\t\t\t\t\t\t<div class=\"elementor-container elementor-column-gap-default\">\n\t\t\t\t\t<div class=\"aux-parallax-section elementor-column elementor-col-100 elementor-top-column elementor-element elementor-element-3a86d0a\" data-id=\"3a86d0a\" data-element_type=\"column\" data-e-type=\"column\">\n\t\t\t<div class=\"elementor-widget-wrap\">\n\t\t\t\t\t\t\t<\/div>\n\t\t<\/div>\n\t\t\t\t\t<\/div>\n\t\t<\/section>\n\t\t\t\t<\/div>","protected":false},"excerpt":{"rendered":"<p>LAN\/ Online Play Teknoparrot Emulator HINWEIS Diese Funktion ist zwar eine schnellere M\u00f6glichkeit, sich mit anderen Spielern zu verbinden, steht aber nur Abonnenten zur Verf\u00fcgung. \u00d7 SCHRITT 1Starten Sie Teknoparrot (TeknoParrotUi.exe). SCHRITT 2Klicken Sie auf das Hamburger-Men\u00fc (\u2261) in der oberen linken Ecke, gefolgt von \"TeknoParrot Online\". SCHRITT 3Um einem Spiel beizutreten, klicken Sie auf \"Filtern nach [...]<\/p>","protected":false},"author":1,"featured_media":0,"parent":636,"menu_order":0,"comment_status":"closed","ping_status":"closed","template":"","meta":{"footnotes":""},"class_list":["post-713","page","type-page","status-publish","hentry"],"yoast_head":"<!-- This site is optimized with the Yoast SEO plugin v27.4 - https:\/\/yoast.com\/product\/yoast-seo-wordpress\/ -->\n<title>Counter Strike NEO - LAN\/ Online (Teknoparrot) Play<\/title>\n<meta name=\"description\" content=\"Download and play Counter-Strike NEO arcade game through LAN or Online connectivity by following these simple steps.\" \/>\n<meta name=\"robots\" content=\"index, follow, max-snippet:-1, max-image-preview:large, max-video-preview:-1\" \/>\n<link rel=\"canonical\" href=\"https:\/\/csneo.net\/de\/guide\/lan-online-play\/\" \/>\n<meta property=\"og:locale\" content=\"de_DE\" \/>\n<meta property=\"og:type\" content=\"article\" \/>\n<meta property=\"og:title\" content=\"Counter Strike NEO - LAN\/ Online (Teknoparrot) Play\" \/>\n<meta property=\"og:description\" content=\"Download and play Counter-Strike NEO arcade game through LAN or Online connectivity by following these simple steps.\" \/>\n<meta property=\"og:url\" content=\"https:\/\/csneo.net\/de\/guide\/lan-online-play\/\" \/>\n<meta property=\"og:site_name\" content=\"Counter Strike NEO\" \/>\n<meta property=\"article:modified_time\" content=\"2025-12-10T17:30:15+00:00\" \/>\n<meta property=\"og:image\" content=\"https:\/\/csneo.net\/wp-content\/uploads\/2020\/11\/csneo-icon.jpg\" \/>\n\t<meta property=\"og:image:width\" content=\"200\" \/>\n\t<meta property=\"og:image:height\" content=\"200\" \/>\n\t<meta property=\"og:image:type\" content=\"image\/jpeg\" \/>\n<meta name=\"twitter:card\" content=\"summary_large_image\" \/>\n<meta name=\"twitter:title\" content=\"Counter Strike NEO - LAN\/ Online (Teknoparrot) Play\" \/>\n<meta name=\"twitter:description\" content=\"Download and play Counter-Strike NEO arcade game through LAN or Online connectivity by following these simple steps.\" \/>\n<meta name=\"twitter:image\" content=\"https:\/\/csneo.net\/wp-content\/uploads\/2020\/11\/csneo-icon.jpg\" \/>\n<meta name=\"twitter:site\" content=\"@useru_cso\" \/>\n<meta name=\"twitter:label1\" content=\"Gesch\u00e4tzte Lesezeit\" \/>\n\t<meta name=\"twitter:data1\" content=\"2\u00a0Minuten\" \/>\n<script type=\"application\/ld+json\" class=\"yoast-schema-graph\">{\"@context\":\"https:\\\/\\\/schema.org\",\"@graph\":[{\"@type\":\"WebPage\",\"@id\":\"https:\\\/\\\/csneo.net\\\/guide\\\/lan-online-play\\\/\",\"url\":\"https:\\\/\\\/csneo.net\\\/guide\\\/lan-online-play\\\/\",\"name\":\"Counter Strike NEO - LAN\\\/ Online (Teknoparrot) Play\",\"isPartOf\":{\"@id\":\"https:\\\/\\\/csneo.net\\\/#website\"},\"primaryImageOfPage\":{\"@id\":\"https:\\\/\\\/csneo.net\\\/guide\\\/lan-online-play\\\/#primaryimage\"},\"image\":{\"@id\":\"https:\\\/\\\/csneo.net\\\/guide\\\/lan-online-play\\\/#primaryimage\"},\"thumbnailUrl\":\"https:\\\/\\\/csneo.net\\\/wp-content\\\/uploads\\\/2019\\\/08\\\/teknoparrot-online-300x300.jpg\",\"datePublished\":\"2019-08-11T08:11:42+00:00\",\"dateModified\":\"2025-12-10T17:30:15+00:00\",\"description\":\"Download and play Counter-Strike NEO arcade game through LAN or Online connectivity by following these simple steps.\",\"breadcrumb\":{\"@id\":\"https:\\\/\\\/csneo.net\\\/guide\\\/lan-online-play\\\/#breadcrumb\"},\"inLanguage\":\"de\",\"potentialAction\":[{\"@type\":\"ReadAction\",\"target\":[\"https:\\\/\\\/csneo.net\\\/guide\\\/lan-online-play\\\/\"]}]},{\"@type\":\"ImageObject\",\"inLanguage\":\"de\",\"@id\":\"https:\\\/\\\/csneo.net\\\/guide\\\/lan-online-play\\\/#primaryimage\",\"url\":\"https:\\\/\\\/csneo.net\\\/wp-content\\\/uploads\\\/2019\\\/08\\\/teknoparrot-online-300x300.jpg\",\"contentUrl\":\"https:\\\/\\\/csneo.net\\\/wp-content\\\/uploads\\\/2019\\\/08\\\/teknoparrot-online-300x300.jpg\"},{\"@type\":\"BreadcrumbList\",\"@id\":\"https:\\\/\\\/csneo.net\\\/guide\\\/lan-online-play\\\/#breadcrumb\",\"itemListElement\":[{\"@type\":\"ListItem\",\"position\":1,\"name\":\"Home\",\"item\":\"https:\\\/\\\/csneo.net\\\/\"},{\"@type\":\"ListItem\",\"position\":2,\"name\":\"Guide\",\"item\":\"https:\\\/\\\/csneo.net\\\/guide\\\/\"},{\"@type\":\"ListItem\",\"position\":3,\"name\":\"LAN\\\/ Online (Teknoparrot) Play\"}]},{\"@type\":\"WebSite\",\"@id\":\"https:\\\/\\\/csneo.net\\\/#website\",\"url\":\"https:\\\/\\\/csneo.net\\\/\",\"name\":\"Counter Strike NEO\",\"description\":\"Japanese Arcade Counter-Strike\",\"publisher\":{\"@id\":\"https:\\\/\\\/csneo.net\\\/#\\\/schema\\\/person\\\/bb8e4f7ce94709f3c60196a43ac92d39\"},\"alternateName\":\"CS Neo\",\"potentialAction\":[{\"@type\":\"SearchAction\",\"target\":{\"@type\":\"EntryPoint\",\"urlTemplate\":\"https:\\\/\\\/csneo.net\\\/?s={search_term_string}\"},\"query-input\":{\"@type\":\"PropertyValueSpecification\",\"valueRequired\":true,\"valueName\":\"search_term_string\"}}],\"inLanguage\":\"de\"},{\"@type\":[\"Person\",\"Organization\"],\"@id\":\"https:\\\/\\\/csneo.net\\\/#\\\/schema\\\/person\\\/bb8e4f7ce94709f3c60196a43ac92d39\",\"name\":\"UserU\",\"image\":{\"@type\":\"ImageObject\",\"inLanguage\":\"de\",\"@id\":\"https:\\\/\\\/csneo.net\\\/wp-content\\\/uploads\\\/2020\\\/11\\\/csneo-icon.jpg\",\"url\":\"https:\\\/\\\/csneo.net\\\/wp-content\\\/uploads\\\/2020\\\/11\\\/csneo-icon.jpg\",\"contentUrl\":\"https:\\\/\\\/csneo.net\\\/wp-content\\\/uploads\\\/2020\\\/11\\\/csneo-icon.jpg\",\"width\":200,\"height\":200,\"caption\":\"UserU\"},\"logo\":{\"@id\":\"https:\\\/\\\/csneo.net\\\/wp-content\\\/uploads\\\/2020\\\/11\\\/csneo-icon.jpg\"},\"sameAs\":[\"https:\\\/\\\/x.com\\\/https:\\\/\\\/twitter.com\\\/useru_cso\",\"https:\\\/\\\/youtube.com\\\/c\\\/useru\"]}]}<\/script>\n<!-- \/ Yoast SEO plugin. -->","yoast_head_json":{"title":"Counter Strike NEO - LAN\/ Online (Teknoparrot) Play","description":"Download and play Counter-Strike NEO arcade game through LAN or Online connectivity by following these simple steps.","robots":{"index":"index","follow":"follow","max-snippet":"max-snippet:-1","max-image-preview":"max-image-preview:large","max-video-preview":"max-video-preview:-1"},"canonical":"https:\/\/csneo.net\/de\/guide\/lan-online-play\/","og_locale":"de_DE","og_type":"article","og_title":"Counter Strike NEO - LAN\/ Online (Teknoparrot) Play","og_description":"Download and play Counter-Strike NEO arcade game through LAN or Online connectivity by following these simple steps.","og_url":"https:\/\/csneo.net\/de\/guide\/lan-online-play\/","og_site_name":"Counter Strike NEO","article_modified_time":"2025-12-10T17:30:15+00:00","og_image":[{"width":200,"height":200,"url":"https:\/\/csneo.net\/wp-content\/uploads\/2020\/11\/csneo-icon.jpg","type":"image\/jpeg"}],"twitter_card":"summary_large_image","twitter_title":"Counter Strike NEO - LAN\/ Online (Teknoparrot) Play","twitter_description":"Download and play Counter-Strike NEO arcade game through LAN or Online connectivity by following these simple steps.","twitter_image":"https:\/\/csneo.net\/wp-content\/uploads\/2020\/11\/csneo-icon.jpg","twitter_site":"@useru_cso","twitter_misc":{"Gesch\u00e4tzte Lesezeit":"2\u00a0Minuten"},"schema":{"@context":"https:\/\/schema.org","@graph":[{"@type":"WebPage","@id":"https:\/\/csneo.net\/guide\/lan-online-play\/","url":"https:\/\/csneo.net\/guide\/lan-online-play\/","name":"Counter Strike NEO - LAN\/ Online (Teknoparrot) Play","isPartOf":{"@id":"https:\/\/csneo.net\/#website"},"primaryImageOfPage":{"@id":"https:\/\/csneo.net\/guide\/lan-online-play\/#primaryimage"},"image":{"@id":"https:\/\/csneo.net\/guide\/lan-online-play\/#primaryimage"},"thumbnailUrl":"https:\/\/csneo.net\/wp-content\/uploads\/2019\/08\/teknoparrot-online-300x300.jpg","datePublished":"2019-08-11T08:11:42+00:00","dateModified":"2025-12-10T17:30:15+00:00","description":"Download and play Counter-Strike NEO arcade game through LAN or Online connectivity by following these simple steps.","breadcrumb":{"@id":"https:\/\/csneo.net\/guide\/lan-online-play\/#breadcrumb"},"inLanguage":"de","potentialAction":[{"@type":"ReadAction","target":["https:\/\/csneo.net\/guide\/lan-online-play\/"]}]},{"@type":"ImageObject","inLanguage":"de","@id":"https:\/\/csneo.net\/guide\/lan-online-play\/#primaryimage","url":"https:\/\/csneo.net\/wp-content\/uploads\/2019\/08\/teknoparrot-online-300x300.jpg","contentUrl":"https:\/\/csneo.net\/wp-content\/uploads\/2019\/08\/teknoparrot-online-300x300.jpg"},{"@type":"BreadcrumbList","@id":"https:\/\/csneo.net\/guide\/lan-online-play\/#breadcrumb","itemListElement":[{"@type":"ListItem","position":1,"name":"Home","item":"https:\/\/csneo.net\/"},{"@type":"ListItem","position":2,"name":"Guide","item":"https:\/\/csneo.net\/guide\/"},{"@type":"ListItem","position":3,"name":"LAN\/ Online (Teknoparrot) Play"}]},{"@type":"WebSite","@id":"https:\/\/csneo.net\/#website","url":"https:\/\/csneo.net\/","name":"Counter Strike NEO","description":"Japanese Arcade Counter-Strike","publisher":{"@id":"https:\/\/csneo.net\/#\/schema\/person\/bb8e4f7ce94709f3c60196a43ac92d39"},"alternateName":"CS Neo","potentialAction":[{"@type":"SearchAction","target":{"@type":"EntryPoint","urlTemplate":"https:\/\/csneo.net\/?s={search_term_string}"},"query-input":{"@type":"PropertyValueSpecification","valueRequired":true,"valueName":"search_term_string"}}],"inLanguage":"de"},{"@type":["Person","Organization"],"@id":"https:\/\/csneo.net\/#\/schema\/person\/bb8e4f7ce94709f3c60196a43ac92d39","name":"UserU","image":{"@type":"ImageObject","inLanguage":"de","@id":"https:\/\/csneo.net\/wp-content\/uploads\/2020\/11\/csneo-icon.jpg","url":"https:\/\/csneo.net\/wp-content\/uploads\/2020\/11\/csneo-icon.jpg","contentUrl":"https:\/\/csneo.net\/wp-content\/uploads\/2020\/11\/csneo-icon.jpg","width":200,"height":200,"caption":"UserU"},"logo":{"@id":"https:\/\/csneo.net\/wp-content\/uploads\/2020\/11\/csneo-icon.jpg"},"sameAs":["https:\/\/x.com\/https:\/\/twitter.com\/useru_cso","https:\/\/youtube.com\/c\/useru"]}]}},"_links":{"self":[{"href":"https:\/\/csneo.net\/de\/wp-json\/wp\/v2\/pages\/713","targetHints":{"allow":["GET"]}}],"collection":[{"href":"https:\/\/csneo.net\/de\/wp-json\/wp\/v2\/pages"}],"about":[{"href":"https:\/\/csneo.net\/de\/wp-json\/wp\/v2\/types\/page"}],"author":[{"embeddable":true,"href":"https:\/\/csneo.net\/de\/wp-json\/wp\/v2\/users\/1"}],"replies":[{"embeddable":true,"href":"https:\/\/csneo.net\/de\/wp-json\/wp\/v2\/comments?post=713"}],"version-history":[{"count":1,"href":"https:\/\/csneo.net\/de\/wp-json\/wp\/v2\/pages\/713\/revisions"}],"predecessor-version":[{"id":3554,"href":"https:\/\/csneo.net\/de\/wp-json\/wp\/v2\/pages\/713\/revisions\/3554"}],"up":[{"embeddable":true,"href":"https:\/\/csneo.net\/de\/wp-json\/wp\/v2\/pages\/636"}],"wp:attachment":[{"href":"https:\/\/csneo.net\/de\/wp-json\/wp\/v2\/media?parent=713"}],"curies":[{"name":"wp","href":"https:\/\/api.w.org\/{rel}","templated":true}]}}