{"id":636,"date":"2019-08-10T21:18:32","date_gmt":"2019-08-10T13:18:32","guid":{"rendered":"https:\/\/csneo.net\/?page_id=636"},"modified":"2025-12-11T01:25:47","modified_gmt":"2025-12-10T17:25:47","slug":"guide","status":"publish","type":"page","link":"https:\/\/csneo.net\/de\/guide\/","title":{"rendered":"Leitfaden"},"content":{"rendered":"<div data-elementor-type=\"wp-post\" data-elementor-id=\"636\" class=\"elementor elementor-636\" data-elementor-post-type=\"page\">\n\t\t\t\t\t\t<section class=\"elementor-section elementor-top-section elementor-element elementor-element-ace1d4b elementor-section-full_width elementor-section-height-default elementor-section-height-default\" data-id=\"ace1d4b\" data-element_type=\"section\" data-e-type=\"section\" id=\"sec-margin\">\n\t\t\t\t\t\t<div class=\"elementor-container elementor-column-gap-default\">\n\t\t\t\t\t<div class=\"aux-parallax-section elementor-column elementor-col-33 elementor-top-column elementor-element elementor-element-e4669c1\" data-id=\"e4669c1\" data-element_type=\"column\" data-e-type=\"column\">\n\t\t\t<div class=\"elementor-widget-wrap\">\n\t\t\t\t\t\t\t<\/div>\n\t\t<\/div>\n\t\t\t\t<div class=\"aux-parallax-section elementor-column elementor-col-33 elementor-top-column elementor-element elementor-element-246f14d\" data-id=\"246f14d\" data-element_type=\"column\" data-e-type=\"column\" data-settings=\"{&quot;background_background&quot;:&quot;classic&quot;}\">\n\t\t\t<div class=\"elementor-widget-wrap elementor-element-populated\">\n\t\t\t\t\t\t<div class=\"elementor-element elementor-element-824a034 elementor-widget elementor-widget-heading\" data-id=\"824a034\" data-element_type=\"widget\" data-e-type=\"widget\" data-widget_type=\"heading.default\">\n\t\t\t\t<div class=\"elementor-widget-container\">\n\t\t\t\t\t<h1 class=\"elementor-heading-title elementor-size-xl\">Leitfaden<\/h1>\t\t\t\t<\/div>\n\t\t\t\t<\/div>\n\t\t\t\t<div class=\"elementor-element elementor-element-c7ce866 elementor-widget elementor-widget-text-editor\" data-id=\"c7ce866\" data-element_type=\"widget\" data-e-type=\"widget\" data-widget_type=\"text-editor.default\">\n\t\t\t\t<div class=\"elementor-widget-container\">\n\t\t\t\t\t\t\t\t\t<p>Sechs (6) \u00fcbersichtliche Anleitungen: Benutzeroberfl\u00e4che, Karten, Steuerung und LAN\/Online-Spiel, um den Einstieg in das Arcade-Konzept von Counter-Strike zu erleichtern <i>NEO<\/i>.<\/p><p>Da das Spiel komplett auf Japanisch ist und nie \u00fcbersetzt wurde, gibt es vorerst keine lokalen \u00dcbersetzungen.\u00a0<\/p>\t\t\t\t\t\t\t\t<\/div>\n\t\t\t\t<\/div>\n\t\t\t\t\t<\/div>\n\t\t<\/div>\n\t\t\t\t<div class=\"aux-parallax-section elementor-column elementor-col-33 elementor-top-column elementor-element elementor-element-bfa5b0f\" data-id=\"bfa5b0f\" data-element_type=\"column\" data-e-type=\"column\">\n\t\t\t<div class=\"elementor-widget-wrap\">\n\t\t\t\t\t\t\t<\/div>\n\t\t<\/div>\n\t\t\t\t\t<\/div>\n\t\t<\/section>\n\t\t\t\t<section class=\"elementor-section elementor-top-section elementor-element elementor-element-9044d8d elementor-section-content-middle elementor-section-boxed elementor-section-height-default elementor-section-height-default\" data-id=\"9044d8d\" data-element_type=\"section\" data-e-type=\"section\">\n\t\t\t\t\t\t<div class=\"elementor-container elementor-column-gap-default\">\n\t\t\t\t\t<div class=\"aux-parallax-section elementor-column elementor-col-20 elementor-top-column elementor-element elementor-element-582d856\" data-id=\"582d856\" data-element_type=\"column\" data-e-type=\"column\">\n\t\t\t<div class=\"elementor-widget-wrap\">\n\t\t\t\t\t\t\t<\/div>\n\t\t<\/div>\n\t\t\t\t<div class=\"aux-parallax-section elementor-column elementor-col-20 elementor-top-column elementor-element elementor-element-0428d81\" data-id=\"0428d81\" data-element_type=\"column\" data-e-type=\"column\" data-settings=\"{&quot;background_background&quot;:&quot;classic&quot;}\">\n\t\t\t<div class=\"elementor-widget-wrap elementor-element-populated\">\n\t\t\t\t\t\t<div class=\"elementor-element elementor-element-a30d9be elementor-widget elementor-widget-image\" data-id=\"a30d9be\" data-element_type=\"widget\" data-e-type=\"widget\" data-widget_type=\"image.default\">\n\t\t\t\t<div class=\"elementor-widget-container\">\n\t\t\t\t\t\t\t\t\t\t\t\t\t\t\t\t<a href=\"https:\/\/csneo.net\/de\/guide\/user-interface\/\">\n\t\t\t\t\t\t\t<img decoding=\"async\" width=\"180\" height=\"180\" src=\"https:\/\/csneo.net\/wp-content\/uploads\/2019\/08\/interface.jpg\" class=\"elementor-animation-grow attachment-full size-full wp-image-650\" alt=\"Interface\" srcset=\"https:\/\/csneo.net\/wp-content\/uploads\/2019\/08\/interface.jpg 180w, https:\/\/csneo.net\/wp-content\/uploads\/2019\/08\/interface-150x150.jpg 150w\" sizes=\"(max-width: 180px) 100vw, 180px\" \/>\t\t\t\t\t\t\t\t<\/a>\n\t\t\t\t\t\t\t\t\t\t\t\t\t\t\t<\/div>\n\t\t\t\t<\/div>\n\t\t\t\t<div class=\"elementor-element elementor-element-f677c0a elementor-widget elementor-widget-heading\" data-id=\"f677c0a\" data-element_type=\"widget\" data-e-type=\"widget\" data-widget_type=\"heading.default\">\n\t\t\t\t<div class=\"elementor-widget-container\">\n\t\t\t\t\t<h2 class=\"elementor-heading-title elementor-size-medium\"><a href=\"https:\/\/csneo.net\/de\/guide\/user-interface\/\">INTERFACE<\/a><\/h2>\t\t\t\t<\/div>\n\t\t\t\t<\/div>\n\t\t\t\t<div class=\"elementor-element elementor-element-6fcd7a2 elementor-widget elementor-widget-image\" data-id=\"6fcd7a2\" data-element_type=\"widget\" data-e-type=\"widget\" data-widget_type=\"image.default\">\n\t\t\t\t<div class=\"elementor-widget-container\">\n\t\t\t\t\t\t\t\t\t\t\t\t\t\t\t\t<a href=\"https:\/\/csneo.net\/de\/guide\/controls\/\">\n\t\t\t\t\t\t\t<img decoding=\"async\" width=\"180\" height=\"180\" src=\"https:\/\/csneo.net\/wp-content\/uploads\/2019\/08\/controls.jpg\" class=\"elementor-animation-grow attachment-full size-full wp-image-806\" alt=\"Controls\" srcset=\"https:\/\/csneo.net\/wp-content\/uploads\/2019\/08\/controls.jpg 180w, https:\/\/csneo.net\/wp-content\/uploads\/2019\/08\/controls-150x150.jpg 150w\" sizes=\"(max-width: 180px) 100vw, 180px\" \/>\t\t\t\t\t\t\t\t<\/a>\n\t\t\t\t\t\t\t\t\t\t\t\t\t\t\t<\/div>\n\t\t\t\t<\/div>\n\t\t\t\t<div class=\"elementor-element elementor-element-7849f2c elementor-widget elementor-widget-heading\" data-id=\"7849f2c\" data-element_type=\"widget\" data-e-type=\"widget\" data-widget_type=\"heading.default\">\n\t\t\t\t<div class=\"elementor-widget-container\">\n\t\t\t\t\t<h2 class=\"elementor-heading-title elementor-size-medium\"><a href=\"https:\/\/csneo.net\/de\/guide\/controls\/\">KONTROLLE<\/a><\/h2>\t\t\t\t<\/div>\n\t\t\t\t<\/div>\n\t\t\t\t\t<\/div>\n\t\t<\/div>\n\t\t\t\t<div class=\"aux-parallax-section elementor-column elementor-col-20 elementor-top-column elementor-element elementor-element-2e9ed6f\" data-id=\"2e9ed6f\" data-element_type=\"column\" data-e-type=\"column\" data-settings=\"{&quot;background_background&quot;:&quot;classic&quot;}\">\n\t\t\t<div class=\"elementor-widget-wrap elementor-element-populated\">\n\t\t\t\t\t\t<div class=\"elementor-element elementor-element-02b31db elementor-widget elementor-widget-image\" data-id=\"02b31db\" data-element_type=\"widget\" data-e-type=\"widget\" data-widget_type=\"image.default\">\n\t\t\t\t<div class=\"elementor-widget-container\">\n\t\t\t\t\t\t\t\t\t\t\t\t\t\t\t\t<a href=\"https:\/\/csneo.net\/de\/guide\/maps-list\/\">\n\t\t\t\t\t\t\t<img decoding=\"async\" width=\"180\" height=\"180\" src=\"https:\/\/csneo.net\/wp-content\/uploads\/2019\/08\/maps.jpg\" class=\"elementor-animation-grow attachment-full size-full wp-image-651\" alt=\"Maps\" srcset=\"https:\/\/csneo.net\/wp-content\/uploads\/2019\/08\/maps.jpg 180w, https:\/\/csneo.net\/wp-content\/uploads\/2019\/08\/maps-150x150.jpg 150w\" sizes=\"(max-width: 180px) 100vw, 180px\" \/>\t\t\t\t\t\t\t\t<\/a>\n\t\t\t\t\t\t\t\t\t\t\t\t\t\t\t<\/div>\n\t\t\t\t<\/div>\n\t\t\t\t<div class=\"elementor-element elementor-element-6d33d26 elementor-widget elementor-widget-heading\" data-id=\"6d33d26\" data-element_type=\"widget\" data-e-type=\"widget\" data-widget_type=\"heading.default\">\n\t\t\t\t<div class=\"elementor-widget-container\">\n\t\t\t\t\t<h2 class=\"elementor-heading-title elementor-size-medium\"><a href=\"https:\/\/csneo.net\/de\/guide\/maps-list\/\">MAPS<\/a><\/h2>\t\t\t\t<\/div>\n\t\t\t\t<\/div>\n\t\t\t\t<div class=\"elementor-element elementor-element-b864c02 elementor-widget elementor-widget-image\" data-id=\"b864c02\" data-element_type=\"widget\" data-e-type=\"widget\" data-widget_type=\"image.default\">\n\t\t\t\t<div class=\"elementor-widget-container\">\n\t\t\t\t\t\t\t\t\t\t\t\t\t\t\t\t<a href=\"https:\/\/csneo.net\/de\/guide\/lan-online-play\/\">\n\t\t\t\t\t\t\t<img loading=\"lazy\" decoding=\"async\" width=\"180\" height=\"180\" src=\"https:\/\/csneo.net\/wp-content\/uploads\/2019\/08\/online-lan.jpg\" class=\"elementor-animation-grow attachment-full size-full wp-image-653\" alt=\"Online LAN\" srcset=\"https:\/\/csneo.net\/wp-content\/uploads\/2019\/08\/online-lan.jpg 180w, https:\/\/csneo.net\/wp-content\/uploads\/2019\/08\/online-lan-150x150.jpg 150w\" sizes=\"(max-width: 180px) 100vw, 180px\" \/>\t\t\t\t\t\t\t\t<\/a>\n\t\t\t\t\t\t\t\t\t\t\t\t\t\t\t<\/div>\n\t\t\t\t<\/div>\n\t\t\t\t<div class=\"elementor-element elementor-element-0e9d3e3 elementor-widget elementor-widget-heading\" data-id=\"0e9d3e3\" data-element_type=\"widget\" data-e-type=\"widget\" data-widget_type=\"heading.default\">\n\t\t\t\t<div class=\"elementor-widget-container\">\n\t\t\t\t\t<h2 class=\"elementor-heading-title elementor-size-medium\"><a href=\"https:\/\/csneo.net\/de\/guide\/lan-online-play\/\">LAN\/ ONLINE<\/a><\/h2>\t\t\t\t<\/div>\n\t\t\t\t<\/div>\n\t\t\t\t\t<\/div>\n\t\t<\/div>\n\t\t\t\t<div class=\"aux-parallax-section elementor-column elementor-col-20 elementor-top-column elementor-element elementor-element-743be58\" data-id=\"743be58\" data-element_type=\"column\" data-e-type=\"column\" data-settings=\"{&quot;background_background&quot;:&quot;classic&quot;}\">\n\t\t\t<div class=\"elementor-widget-wrap elementor-element-populated\">\n\t\t\t\t\t\t<div class=\"elementor-element elementor-element-2e75a37 elementor-widget elementor-widget-image\" data-id=\"2e75a37\" data-element_type=\"widget\" data-e-type=\"widget\" data-widget_type=\"image.default\">\n\t\t\t\t<div class=\"elementor-widget-container\">\n\t\t\t\t\t\t\t\t\t\t\t\t\t\t\t\t<a href=\"https:\/\/csneo.net\/de\/guide\/weapon\/\">\n\t\t\t\t\t\t\t<img loading=\"lazy\" decoding=\"async\" width=\"180\" height=\"180\" src=\"https:\/\/csneo.net\/wp-content\/uploads\/2020\/11\/weapons.jpg\" class=\"elementor-animation-grow attachment-full size-full wp-image-1204\" alt=\"Weapons\" srcset=\"https:\/\/csneo.net\/wp-content\/uploads\/2020\/11\/weapons.jpg 180w, https:\/\/csneo.net\/wp-content\/uploads\/2020\/11\/weapons-150x150.jpg 150w\" sizes=\"(max-width: 180px) 100vw, 180px\" \/>\t\t\t\t\t\t\t\t<\/a>\n\t\t\t\t\t\t\t\t\t\t\t\t\t\t\t<\/div>\n\t\t\t\t<\/div>\n\t\t\t\t<div class=\"elementor-element elementor-element-8f8e7dc elementor-widget elementor-widget-heading\" data-id=\"8f8e7dc\" data-element_type=\"widget\" data-e-type=\"widget\" data-widget_type=\"heading.default\">\n\t\t\t\t<div class=\"elementor-widget-container\">\n\t\t\t\t\t<h2 class=\"elementor-heading-title elementor-size-medium\"><a href=\"https:\/\/csneo.net\/de\/guide\/weapon\/\">WAFFEN<\/a><\/h2>\t\t\t\t<\/div>\n\t\t\t\t<\/div>\n\t\t\t\t<div class=\"elementor-element elementor-element-fcfdb1c elementor-widget elementor-widget-image\" data-id=\"fcfdb1c\" data-element_type=\"widget\" data-e-type=\"widget\" data-widget_type=\"image.default\">\n\t\t\t\t<div class=\"elementor-widget-container\">\n\t\t\t\t\t\t\t\t\t\t\t\t\t\t\t\t<a href=\"https:\/\/csneo.net\/de\/guide\/characters\/\">\n\t\t\t\t\t\t\t<img loading=\"lazy\" decoding=\"async\" width=\"200\" height=\"200\" src=\"https:\/\/csneo.net\/wp-content\/uploads\/2020\/11\/csneo-icon.jpg\" class=\"elementor-animation-grow attachment-full size-full wp-image-1129\" alt=\"Counter Strike Neo Icon\" srcset=\"https:\/\/csneo.net\/wp-content\/uploads\/2020\/11\/csneo-icon.jpg 200w, https:\/\/csneo.net\/wp-content\/uploads\/2020\/11\/csneo-icon-150x150.jpg 150w\" sizes=\"(max-width: 200px) 100vw, 200px\" \/>\t\t\t\t\t\t\t\t<\/a>\n\t\t\t\t\t\t\t\t\t\t\t\t\t\t\t<\/div>\n\t\t\t\t<\/div>\n\t\t\t\t<div class=\"elementor-element elementor-element-f3282cb elementor-widget elementor-widget-heading\" data-id=\"f3282cb\" data-element_type=\"widget\" data-e-type=\"widget\" data-widget_type=\"heading.default\">\n\t\t\t\t<div class=\"elementor-widget-container\">\n\t\t\t\t\t<h2 class=\"elementor-heading-title elementor-size-medium\"><a href=\"https:\/\/csneo.net\/de\/guide\/characters\/\">CHARAKTERS<\/a><\/h2>\t\t\t\t<\/div>\n\t\t\t\t<\/div>\n\t\t\t\t\t<\/div>\n\t\t<\/div>\n\t\t\t\t<div class=\"aux-parallax-section elementor-column elementor-col-20 elementor-top-column elementor-element elementor-element-b28e4d4\" data-id=\"b28e4d4\" data-element_type=\"column\" data-e-type=\"column\">\n\t\t\t<div class=\"elementor-widget-wrap\">\n\t\t\t\t\t\t\t<\/div>\n\t\t<\/div>\n\t\t\t\t\t<\/div>\n\t\t<\/section>\n\t\t\t\t<section class=\"elementor-section elementor-top-section elementor-element elementor-element-f9443c4 elementor-section-full_width elementor-section-height-default elementor-section-height-default\" data-id=\"f9443c4\" data-element_type=\"section\" data-e-type=\"section\">\n\t\t\t\t\t\t<div class=\"elementor-container elementor-column-gap-default\">\n\t\t\t\t\t<div class=\"aux-parallax-section elementor-column elementor-col-33 elementor-top-column elementor-element elementor-element-8267b34\" data-id=\"8267b34\" data-element_type=\"column\" data-e-type=\"column\">\n\t\t\t<div class=\"elementor-widget-wrap\">\n\t\t\t\t\t\t\t<\/div>\n\t\t<\/div>\n\t\t\t\t<div class=\"aux-parallax-section elementor-column elementor-col-33 elementor-top-column elementor-element elementor-element-7e9c6a0\" data-id=\"7e9c6a0\" data-element_type=\"column\" data-e-type=\"column\" data-settings=\"{&quot;background_background&quot;:&quot;classic&quot;}\">\n\t\t\t<div class=\"elementor-widget-wrap elementor-element-populated\">\n\t\t\t\t\t\t<div class=\"elementor-element elementor-element-2c02ce9 elementor-widget elementor-widget-shortcode\" data-id=\"2c02ce9\" data-element_type=\"widget\" data-e-type=\"widget\" data-widget_type=\"shortcode.default\">\n\t\t\t\t<div class=\"elementor-widget-container\">\n\t\t\t\t\t\t\t<div class=\"elementor-shortcode\"><div id=\"csneo-4027956353\"><script async src=\"\/\/pagead2.googlesyndication.com\/pagead\/js\/adsbygoogle.js?client=ca-pub-5792463072011307\" crossorigin=\"anonymous\"><\/script><ins class=\"adsbygoogle\" style=\"display:block;\" data-ad-client=\"ca-pub-5792463072011307\" \ndata-ad-slot=\"9729357651\" \ndata-ad-format=\"auto\" data-full-width-responsive=\"true\"><\/ins>\n<script> \n(adsbygoogle = window.adsbygoogle || []).push({}); \n<\/script>\n<\/div><\/div>\n\t\t\t\t\t\t<\/div>\n\t\t\t\t<\/div>\n\t\t\t\t\t<\/div>\n\t\t<\/div>\n\t\t\t\t<div class=\"aux-parallax-section elementor-column elementor-col-33 elementor-top-column elementor-element elementor-element-3fb87be\" data-id=\"3fb87be\" data-element_type=\"column\" data-e-type=\"column\">\n\t\t\t<div class=\"elementor-widget-wrap\">\n\t\t\t\t\t\t\t<\/div>\n\t\t<\/div>\n\t\t\t\t\t<\/div>\n\t\t<\/section>\n\t\t\t\t<\/div>","protected":false},"excerpt":{"rendered":"<p>Leitfaden Sechs (6) \u00fcbersichtliche Leitf\u00e4den: Benutzeroberfl\u00e4che, Karten, Steuerung und LAN\/Online-Spiel, die bei der Anpassung an das Arcade-Konzept von Counter-Strike NEO helfen. Da das Spiel komplett auf Japanisch ist und nie \u00fcbersetzt wurde, gibt es vorerst keine lokalen \u00dcbersetzungen.  INTERFACE STEUERUNG KARTEN LAN\/ ONLINE WAFFEN CHARAKTERE<\/p>","protected":false},"author":1,"featured_media":0,"parent":0,"menu_order":0,"comment_status":"closed","ping_status":"closed","template":"","meta":{"footnotes":""},"class_list":["post-636","page","type-page","status-publish","hentry"],"yoast_head":"<!-- This site is optimized with the Yoast SEO plugin v27.3 - https:\/\/yoast.com\/product\/yoast-seo-wordpress\/ -->\n<title>Counter Strike NEO - Guide<\/title>\n<meta name=\"description\" content=\"A list of Counter-Strike NEO guides, including online\/ LAN play, maps, interface, controls and more.\" \/>\n<meta name=\"robots\" content=\"index, follow, max-snippet:-1, max-image-preview:large, max-video-preview:-1\" \/>\n<link rel=\"canonical\" href=\"https:\/\/csneo.net\/de\/guide\/\" \/>\n<meta property=\"og:locale\" content=\"de_DE\" \/>\n<meta property=\"og:type\" content=\"article\" \/>\n<meta property=\"og:title\" content=\"Counter Strike NEO - Guide\" \/>\n<meta property=\"og:description\" content=\"A list of Counter-Strike NEO guides, including online\/ LAN play, maps, interface, controls and more.\" \/>\n<meta property=\"og:url\" content=\"https:\/\/csneo.net\/de\/guide\/\" \/>\n<meta property=\"og:site_name\" content=\"Counter Strike NEO\" \/>\n<meta property=\"article:modified_time\" content=\"2025-12-10T17:25:47+00:00\" \/>\n<meta property=\"og:image\" content=\"https:\/\/csneo.net\/wp-content\/uploads\/2020\/11\/csneo-icon.jpg\" \/>\n\t<meta property=\"og:image:width\" content=\"200\" \/>\n\t<meta property=\"og:image:height\" content=\"200\" \/>\n\t<meta property=\"og:image:type\" content=\"image\/jpeg\" \/>\n<meta name=\"twitter:card\" content=\"summary_large_image\" \/>\n<meta name=\"twitter:title\" content=\"Counter Strike NEO - Guide\" \/>\n<meta name=\"twitter:description\" content=\"Counter-Strike NEO guides, including online\/ LAN play, maps, interface, controls and more.\" \/>\n<meta name=\"twitter:image\" content=\"https:\/\/csneo.net\/wp-content\/uploads\/2020\/11\/csneo-icon.jpg\" \/>\n<meta name=\"twitter:site\" content=\"@useru_cso\" \/>\n<meta name=\"twitter:label1\" content=\"Gesch\u00e4tzte Lesezeit\" \/>\n\t<meta name=\"twitter:data1\" content=\"2\u00a0Minuten\" \/>\n<script type=\"application\/ld+json\" class=\"yoast-schema-graph\">{\"@context\":\"https:\\\/\\\/schema.org\",\"@graph\":[{\"@type\":\"WebPage\",\"@id\":\"https:\\\/\\\/csneo.net\\\/guide\\\/\",\"url\":\"https:\\\/\\\/csneo.net\\\/guide\\\/\",\"name\":\"Counter Strike NEO - Guide\",\"isPartOf\":{\"@id\":\"https:\\\/\\\/csneo.net\\\/#website\"},\"primaryImageOfPage\":{\"@id\":\"https:\\\/\\\/csneo.net\\\/guide\\\/#primaryimage\"},\"image\":{\"@id\":\"https:\\\/\\\/csneo.net\\\/guide\\\/#primaryimage\"},\"thumbnailUrl\":\"https:\\\/\\\/csneo.net\\\/wp-content\\\/uploads\\\/2019\\\/08\\\/interface.jpg\",\"datePublished\":\"2019-08-10T13:18:32+00:00\",\"dateModified\":\"2025-12-10T17:25:47+00:00\",\"description\":\"A list of Counter-Strike NEO guides, including online\\\/ LAN play, maps, interface, controls and more.\",\"breadcrumb\":{\"@id\":\"https:\\\/\\\/csneo.net\\\/guide\\\/#breadcrumb\"},\"inLanguage\":\"de\",\"potentialAction\":[{\"@type\":\"ReadAction\",\"target\":[\"https:\\\/\\\/csneo.net\\\/guide\\\/\"]}]},{\"@type\":\"ImageObject\",\"inLanguage\":\"de\",\"@id\":\"https:\\\/\\\/csneo.net\\\/guide\\\/#primaryimage\",\"url\":\"https:\\\/\\\/csneo.net\\\/wp-content\\\/uploads\\\/2019\\\/08\\\/interface.jpg\",\"contentUrl\":\"https:\\\/\\\/csneo.net\\\/wp-content\\\/uploads\\\/2019\\\/08\\\/interface.jpg\"},{\"@type\":\"BreadcrumbList\",\"@id\":\"https:\\\/\\\/csneo.net\\\/guide\\\/#breadcrumb\",\"itemListElement\":[{\"@type\":\"ListItem\",\"position\":1,\"name\":\"Home\",\"item\":\"https:\\\/\\\/csneo.net\\\/\"},{\"@type\":\"ListItem\",\"position\":2,\"name\":\"Guide\"}]},{\"@type\":\"WebSite\",\"@id\":\"https:\\\/\\\/csneo.net\\\/#website\",\"url\":\"https:\\\/\\\/csneo.net\\\/\",\"name\":\"Counter Strike NEO\",\"description\":\"Japanese Arcade Counter-Strike\",\"publisher\":{\"@id\":\"https:\\\/\\\/csneo.net\\\/#\\\/schema\\\/person\\\/bb8e4f7ce94709f3c60196a43ac92d39\"},\"alternateName\":\"CS Neo\",\"potentialAction\":[{\"@type\":\"SearchAction\",\"target\":{\"@type\":\"EntryPoint\",\"urlTemplate\":\"https:\\\/\\\/csneo.net\\\/?s={search_term_string}\"},\"query-input\":{\"@type\":\"PropertyValueSpecification\",\"valueRequired\":true,\"valueName\":\"search_term_string\"}}],\"inLanguage\":\"de\"},{\"@type\":[\"Person\",\"Organization\"],\"@id\":\"https:\\\/\\\/csneo.net\\\/#\\\/schema\\\/person\\\/bb8e4f7ce94709f3c60196a43ac92d39\",\"name\":\"UserU\",\"image\":{\"@type\":\"ImageObject\",\"inLanguage\":\"de\",\"@id\":\"https:\\\/\\\/csneo.net\\\/wp-content\\\/uploads\\\/2020\\\/11\\\/csneo-icon.jpg\",\"url\":\"https:\\\/\\\/csneo.net\\\/wp-content\\\/uploads\\\/2020\\\/11\\\/csneo-icon.jpg\",\"contentUrl\":\"https:\\\/\\\/csneo.net\\\/wp-content\\\/uploads\\\/2020\\\/11\\\/csneo-icon.jpg\",\"width\":200,\"height\":200,\"caption\":\"UserU\"},\"logo\":{\"@id\":\"https:\\\/\\\/csneo.net\\\/wp-content\\\/uploads\\\/2020\\\/11\\\/csneo-icon.jpg\"},\"sameAs\":[\"https:\\\/\\\/x.com\\\/https:\\\/\\\/twitter.com\\\/useru_cso\",\"https:\\\/\\\/youtube.com\\\/c\\\/useru\"]}]}<\/script>\n<!-- \/ Yoast SEO plugin. -->","yoast_head_json":{"title":"Counter Strike NEO - Guide","description":"A list of Counter-Strike NEO guides, including online\/ LAN play, maps, interface, controls and more.","robots":{"index":"index","follow":"follow","max-snippet":"max-snippet:-1","max-image-preview":"max-image-preview:large","max-video-preview":"max-video-preview:-1"},"canonical":"https:\/\/csneo.net\/de\/guide\/","og_locale":"de_DE","og_type":"article","og_title":"Counter Strike NEO - Guide","og_description":"A list of Counter-Strike NEO guides, including online\/ LAN play, maps, interface, controls and more.","og_url":"https:\/\/csneo.net\/de\/guide\/","og_site_name":"Counter Strike NEO","article_modified_time":"2025-12-10T17:25:47+00:00","og_image":[{"width":200,"height":200,"url":"https:\/\/csneo.net\/wp-content\/uploads\/2020\/11\/csneo-icon.jpg","type":"image\/jpeg"}],"twitter_card":"summary_large_image","twitter_title":"Counter Strike NEO - Guide","twitter_description":"Counter-Strike NEO guides, including online\/ LAN play, maps, interface, controls and more.","twitter_image":"https:\/\/csneo.net\/wp-content\/uploads\/2020\/11\/csneo-icon.jpg","twitter_site":"@useru_cso","twitter_misc":{"Gesch\u00e4tzte Lesezeit":"2\u00a0Minuten"},"schema":{"@context":"https:\/\/schema.org","@graph":[{"@type":"WebPage","@id":"https:\/\/csneo.net\/guide\/","url":"https:\/\/csneo.net\/guide\/","name":"Counter Strike NEO - Guide","isPartOf":{"@id":"https:\/\/csneo.net\/#website"},"primaryImageOfPage":{"@id":"https:\/\/csneo.net\/guide\/#primaryimage"},"image":{"@id":"https:\/\/csneo.net\/guide\/#primaryimage"},"thumbnailUrl":"https:\/\/csneo.net\/wp-content\/uploads\/2019\/08\/interface.jpg","datePublished":"2019-08-10T13:18:32+00:00","dateModified":"2025-12-10T17:25:47+00:00","description":"A list of Counter-Strike NEO guides, including online\/ LAN play, maps, interface, controls and more.","breadcrumb":{"@id":"https:\/\/csneo.net\/guide\/#breadcrumb"},"inLanguage":"de","potentialAction":[{"@type":"ReadAction","target":["https:\/\/csneo.net\/guide\/"]}]},{"@type":"ImageObject","inLanguage":"de","@id":"https:\/\/csneo.net\/guide\/#primaryimage","url":"https:\/\/csneo.net\/wp-content\/uploads\/2019\/08\/interface.jpg","contentUrl":"https:\/\/csneo.net\/wp-content\/uploads\/2019\/08\/interface.jpg"},{"@type":"BreadcrumbList","@id":"https:\/\/csneo.net\/guide\/#breadcrumb","itemListElement":[{"@type":"ListItem","position":1,"name":"Home","item":"https:\/\/csneo.net\/"},{"@type":"ListItem","position":2,"name":"Guide"}]},{"@type":"WebSite","@id":"https:\/\/csneo.net\/#website","url":"https:\/\/csneo.net\/","name":"Counter Strike NEO","description":"Japanese Arcade Counter-Strike","publisher":{"@id":"https:\/\/csneo.net\/#\/schema\/person\/bb8e4f7ce94709f3c60196a43ac92d39"},"alternateName":"CS Neo","potentialAction":[{"@type":"SearchAction","target":{"@type":"EntryPoint","urlTemplate":"https:\/\/csneo.net\/?s={search_term_string}"},"query-input":{"@type":"PropertyValueSpecification","valueRequired":true,"valueName":"search_term_string"}}],"inLanguage":"de"},{"@type":["Person","Organization"],"@id":"https:\/\/csneo.net\/#\/schema\/person\/bb8e4f7ce94709f3c60196a43ac92d39","name":"UserU","image":{"@type":"ImageObject","inLanguage":"de","@id":"https:\/\/csneo.net\/wp-content\/uploads\/2020\/11\/csneo-icon.jpg","url":"https:\/\/csneo.net\/wp-content\/uploads\/2020\/11\/csneo-icon.jpg","contentUrl":"https:\/\/csneo.net\/wp-content\/uploads\/2020\/11\/csneo-icon.jpg","width":200,"height":200,"caption":"UserU"},"logo":{"@id":"https:\/\/csneo.net\/wp-content\/uploads\/2020\/11\/csneo-icon.jpg"},"sameAs":["https:\/\/x.com\/https:\/\/twitter.com\/useru_cso","https:\/\/youtube.com\/c\/useru"]}]}},"_links":{"self":[{"href":"https:\/\/csneo.net\/de\/wp-json\/wp\/v2\/pages\/636","targetHints":{"allow":["GET"]}}],"collection":[{"href":"https:\/\/csneo.net\/de\/wp-json\/wp\/v2\/pages"}],"about":[{"href":"https:\/\/csneo.net\/de\/wp-json\/wp\/v2\/types\/page"}],"author":[{"embeddable":true,"href":"https:\/\/csneo.net\/de\/wp-json\/wp\/v2\/users\/1"}],"replies":[{"embeddable":true,"href":"https:\/\/csneo.net\/de\/wp-json\/wp\/v2\/comments?post=636"}],"version-history":[{"count":1,"href":"https:\/\/csneo.net\/de\/wp-json\/wp\/v2\/pages\/636\/revisions"}],"predecessor-version":[{"id":3552,"href":"https:\/\/csneo.net\/de\/wp-json\/wp\/v2\/pages\/636\/revisions\/3552"}],"wp:attachment":[{"href":"https:\/\/csneo.net\/de\/wp-json\/wp\/v2\/media?parent=636"}],"curies":[{"name":"wp","href":"https:\/\/api.w.org\/{rel}","templated":true}]}}