{"id":426,"date":"2019-08-07T17:13:56","date_gmt":"2019-08-07T09:13:56","guid":{"rendered":"https:\/\/csneo.net\/?page_id=426"},"modified":"2025-12-11T01:23:29","modified_gmt":"2025-12-10T17:23:29","slug":"download","status":"publish","type":"page","link":"https:\/\/csneo.net\/de\/download\/","title":{"rendered":"Herunterladen"},"content":{"rendered":"<div data-elementor-type=\"wp-post\" data-elementor-id=\"426\" class=\"elementor elementor-426\" data-elementor-post-type=\"page\">\n\t\t\t\t\t\t<section class=\"elementor-section elementor-top-section elementor-element elementor-element-5fa7344 elementor-section-full_width elementor-section-height-default elementor-section-height-default\" data-id=\"5fa7344\" data-element_type=\"section\" data-e-type=\"section\" id=\"sec-margin\" data-settings=\"{&quot;background_background&quot;:&quot;classic&quot;}\">\n\t\t\t\t\t\t<div class=\"elementor-container elementor-column-gap-default\">\n\t\t\t\t\t<div class=\"aux-parallax-section elementor-column elementor-col-33 elementor-top-column elementor-element elementor-element-5172ab7\" data-id=\"5172ab7\" data-element_type=\"column\" data-e-type=\"column\">\n\t\t\t<div class=\"elementor-widget-wrap\">\n\t\t\t\t\t\t\t<\/div>\n\t\t<\/div>\n\t\t\t\t<div class=\"aux-parallax-section elementor-column elementor-col-33 elementor-top-column elementor-element elementor-element-ccff2d9\" data-id=\"ccff2d9\" data-element_type=\"column\" data-e-type=\"column\" data-settings=\"{&quot;background_background&quot;:&quot;classic&quot;}\">\n\t\t\t<div class=\"elementor-widget-wrap elementor-element-populated\">\n\t\t\t\t\t\t<div class=\"elementor-element elementor-element-0d32e72 elementor-widget elementor-widget-heading\" data-id=\"0d32e72\" data-element_type=\"widget\" data-e-type=\"widget\" data-widget_type=\"heading.default\">\n\t\t\t\t<div class=\"elementor-widget-container\">\n\t\t\t\t\t<h1 class=\"elementor-heading-title elementor-size-xl\">Herunterladen\/ Spielen<\/h1>\t\t\t\t<\/div>\n\t\t\t\t<\/div>\n\t\t\t\t<div class=\"elementor-element elementor-element-0822a19 elementor-widget elementor-widget-text-editor\" data-id=\"0822a19\" data-element_type=\"widget\" data-e-type=\"widget\" data-widget_type=\"text-editor.default\">\n\t\t\t\t<div class=\"elementor-widget-container\">\n\t\t\t\t\t\t\t\t\t<p>Da Counter-Strike NEO nie f\u00fcr den Einsatz au\u00dferhalb des Linux-\u00d6kosystems geplant war, ist ein spezieller Emulator erforderlich, um die Dateien auszuf\u00fchren.<\/p><p>Zurzeit ist das Spiel komplett auf Japanisch, also schauen Sie sich nach dem Start von NEO die <strong><span style=\"color: #0000ff;\"><a style=\"color: #0000ff;\" href=\"https:\/\/csneo.net\/de\/guide\/\" target=\"_blank\" rel=\"noopener\">Leitfaden<\/a><\/span><\/strong> f\u00fcr eine detaillierte Beschreibung.<\/p>\t\t\t\t\t\t\t\t<\/div>\n\t\t\t\t<\/div>\n\t\t\t\t\t<\/div>\n\t\t<\/div>\n\t\t\t\t<div class=\"aux-parallax-section elementor-column elementor-col-33 elementor-top-column elementor-element elementor-element-1c918fd\" data-id=\"1c918fd\" data-element_type=\"column\" data-e-type=\"column\">\n\t\t\t<div class=\"elementor-widget-wrap\">\n\t\t\t\t\t\t\t<\/div>\n\t\t<\/div>\n\t\t\t\t\t<\/div>\n\t\t<\/section>\n\t\t\t\t<section class=\"elementor-section elementor-top-section elementor-element elementor-element-fa8df52 elementor-section-full_width elementor-section-height-default elementor-section-height-default\" data-id=\"fa8df52\" data-element_type=\"section\" data-e-type=\"section\" data-settings=\"{&quot;background_background&quot;:&quot;classic&quot;}\">\n\t\t\t\t\t\t<div class=\"elementor-container elementor-column-gap-default\">\n\t\t\t\t\t<div class=\"aux-parallax-section elementor-column elementor-col-33 elementor-top-column elementor-element elementor-element-eadde76\" data-id=\"eadde76\" data-element_type=\"column\" data-e-type=\"column\">\n\t\t\t<div class=\"elementor-widget-wrap\">\n\t\t\t\t\t\t\t<\/div>\n\t\t<\/div>\n\t\t\t\t<div class=\"aux-parallax-section elementor-column elementor-col-33 elementor-top-column elementor-element elementor-element-92e2030\" data-id=\"92e2030\" data-element_type=\"column\" data-e-type=\"column\" data-settings=\"{&quot;background_background&quot;:&quot;classic&quot;}\">\n\t\t\t<div class=\"elementor-widget-wrap elementor-element-populated\">\n\t\t\t\t\t\t<div class=\"elementor-element elementor-element-cf34935 elementor-widget elementor-widget-heading\" data-id=\"cf34935\" data-element_type=\"widget\" data-e-type=\"widget\" data-widget_type=\"heading.default\">\n\t\t\t\t<div class=\"elementor-widget-container\">\n\t\t\t\t\t<h2 class=\"elementor-heading-title elementor-size-large\">Einrichten des Emulators<\/h2>\t\t\t\t<\/div>\n\t\t\t\t<\/div>\n\t\t\t\t<div class=\"elementor-element elementor-element-dc48bbf elementor-widget elementor-widget-text-editor\" data-id=\"dc48bbf\" data-element_type=\"widget\" data-e-type=\"widget\" data-widget_type=\"text-editor.default\">\n\t\t\t\t<div class=\"elementor-widget-container\">\n\t\t\t\t\t\t\t\t\t<p style=\"text-align: center;\"><span style=\"text-decoration: underline;\"><strong>SCHRITT 1<\/strong><\/span><\/p><p>Herunterladen der <span style=\"color: #0000ff;\"><strong><a style=\"color: #0000ff;\" href=\"https:\/\/drive.google.com\/open?id=147XcYRIFEajbxDfX79VlrygCzTPprQS-\" target=\"_blank\" rel=\"noopener\">Spieldateien<\/a><\/strong><\/span>\u00a0und extrahieren Sie die Datei contents2.bin (einschlie\u00dflich der .bin-Inhalte). Sie ben\u00f6tigen ein Extraktionswerkzeug wie z. B. <span style=\"color: #0000ff;\"><strong><a style=\"color: #0000ff;\" href=\"https:\/\/www.7-zip.org\/\" target=\"_blank\" rel=\"noopener\">7Zip<\/a>.<\/strong><\/span>\u00a0<\/p><p>F\u00fcr verbesserte Aufl\u00f6sungen und Grafiken, laden Sie die <span style=\"color: #0000ff;\"><strong><a style=\"color: #0000ff;\" href=\"https:\/\/drive.google.com\/file\/d\/10y9Ddzz_Cznc6G2myJ1eX906hkg3IvMZ\/view\" target=\"_blank\" rel=\"noopener\">CSNEO_ResPatcher. <\/a><\/strong><\/span>Diese Datei ist optional.<\/p><p style=\"text-align: center;\"><span style=\"text-decoration: underline;\"><strong>SCHRITT 2<\/strong><\/span><\/p><p>Herunterladen der <strong><span style=\"color: #0000ff;\"><a style=\"color: #0000ff;\" href=\"https:\/\/drive.google.com\/open?id=1ztqDvwmgw1x1_aLY5yJdqEGiEtI7Rsky\" target=\"_blank\" rel=\"noopener\">CSNEOLibs_aktuell<\/a><\/span><\/strong>\u00a0Archiv und entpacken Sie den Inhalt in den Ordner <strong>Inhalt2\\csneo2\\linux<\/strong> Ordner.<\/p><p><img fetchpriority=\"high\" decoding=\"async\" class=\"aligncenter wp-image-564 size-full\" src=\"https:\/\/csneo.net\/wp-content\/uploads\/2019\/08\/extract-csneo-libs.jpg\" alt=\"CSNEO Libs\" width=\"939\" height=\"733\" \/><\/p><p style=\"text-align: center;\"><span style=\"text-decoration: underline;\"><strong><br \/>SCHRITT 3<\/strong><\/span><\/p><p>Gehen Sie zum Ordner TeknoParrot <strong>(Inhalt2\\csneo2\\linux\\TeknoParrot)\u00a0<\/strong>und \u00f6ffnen Sie die Datei setting.ini. \u00c4ndern Sie den FREEPLAY-Wert auf 1, damit Sie unbegrenzte Credits erhalten.<\/p><p style=\"text-align: center;\"><span style=\"text-decoration: underline;\"><strong>SCHRITT 4<\/strong><\/span><\/p><p>Download der neuesten <span style=\"color: #0000ff;\"><strong><a style=\"color: #0000ff;\" href=\"https:\/\/teknogods.github.io\/downloads.html\" target=\"_blank\" rel=\"noopener\">TeknoParrot-Emulator<\/a><\/strong><\/span> und extrahieren Sie den Inhalt in dasselbe Verzeichnis, in dem sich der Ordner Contents2 befindet. Wenn Sie beispielsweise Contents2 unter C:\\Arcade extrahiert haben, tun Sie dasselbe f\u00fcr TeknoParrot.<\/p><p style=\"text-align: center;\"><span style=\"text-decoration: underline;\"><strong>SCHRITT 5<\/strong><\/span><\/p><p>F\u00fchren Sie TeknoParrotUi.exe aus und installieren Sie alle verf\u00fcgbaren Updates. Nachdem Sie TeknoParrot vollst\u00e4ndig aktualisiert haben, starten Sie es neu. Dies kann ein paar Mal passieren, wenn es weitere Updates gibt. Starten Sie TeknoParrot erneut und w\u00e4hlen Sie Counter-Strike NEO aus der Spieleliste aus, dann klicken Sie auf die Schaltfl\u00e4che \"Spiel hinzuf\u00fcgen\".<\/p><p><img decoding=\"async\" class=\"aligncenter wp-image-558 size-full\" src=\"https:\/\/csneo.net\/wp-content\/uploads\/2019\/08\/add-neo.jpg\" alt=\"Add CS Neo\" width=\"1985\" height=\"924\" \/><\/p><p>W\u00e4hlen Sie unter \"Hinzugef\u00fcgte Spiele\" NEO und anschlie\u00dfend die Schaltfl\u00e4che \"Spieleinstellungen\".<\/p><p style=\"text-align: center;\"><span style=\"text-decoration: underline;\"><strong>SCHRITT 6<\/strong><\/span><\/p><p>Klicken Sie auf das Feld unter 'Game Executable' und w\u00e4hlen Sie die <strong>hlds_amd<\/strong> Datei. Die Datei sollte sich innerhalb der Datei <strong>Inhalt2\\csneo2\\linux\u00a0<\/strong>Ordner. Speichern Sie die Einstellungen, und Sie erhalten eine Erfolgsmeldung \u00fcber die Erstellung der Datei csneo.xml.<\/p><p style=\"text-align: center;\"><span style=\"text-decoration: underline;\"><strong>SCHRITT 7 (F\u00dcR AMD-GPU-NUTZER)<\/strong><\/span><\/p><p>Benutzer von NVIDIA-Grafikkarten k\u00f6nnen diesen Schritt \u00fcberspringen. Wenn Ihr System mit einer AMD-Grafikkarte betrieben wird, ist eine Korrektur erforderlich. Navigieren Sie zum <strong>TeknoParrot\\N2\\AMDFixByNezarn <\/strong>Ordner, kopieren Sie die Datei cgGL.dll und f\u00fcgen Sie sie unter <strong>TeknoParrot\\N2 <\/strong>um den bestehenden zu ersetzen.<\/p><p style=\"text-align: center;\"><span style=\"text-decoration: underline;\"><strong>SCHRITT 8<\/strong><\/span><\/p><p>Klicken Sie auf \"Spiel starten\" und warten Sie, bis die Dateien geladen sind. Dies dauert in der Regel eine kurze Zeit.<\/p>\t\t\t\t\t\t\t\t<\/div>\n\t\t\t\t<\/div>\n\t\t\t\t<div class=\"elementor-element elementor-element-6c84c6f elementor-widget elementor-widget-shortcode\" data-id=\"6c84c6f\" data-element_type=\"widget\" data-e-type=\"widget\" data-widget_type=\"shortcode.default\">\n\t\t\t\t<div class=\"elementor-widget-container\">\n\t\t\t\t\t\t\t<div class=\"elementor-shortcode\"><div id=\"csneo-2026404412\"><script async src=\"\/\/pagead2.googlesyndication.com\/pagead\/js\/adsbygoogle.js?client=ca-pub-5792463072011307\" crossorigin=\"anonymous\"><\/script><ins class=\"adsbygoogle\" style=\"display:block; text-align:center;\" data-ad-client=\"ca-pub-5792463072011307\" \ndata-ad-slot=\"2424494967\" \ndata-ad-layout=\"in-article\"\ndata-ad-format=\"fluid\" data-full-width-responsive=\"true\"><\/ins>\n<script> \n(adsbygoogle = window.adsbygoogle || []).push({}); \n<\/script>\n<\/div><\/div>\n\t\t\t\t\t\t<\/div>\n\t\t\t\t<\/div>\n\t\t\t\t<div class=\"elementor-element elementor-element-a31af82 elementor-widget elementor-widget-heading\" data-id=\"a31af82\" data-element_type=\"widget\" data-e-type=\"widget\" data-widget_type=\"heading.default\">\n\t\t\t\t<div class=\"elementor-widget-container\">\n\t\t\t\t\t<h2 class=\"elementor-heading-title elementor-size-large\">Spielen Sie das Spiel<\/h2>\t\t\t\t<\/div>\n\t\t\t\t<\/div>\n\t\t\t\t<div class=\"elementor-element elementor-element-66b9335 elementor-widget elementor-widget-text-editor\" data-id=\"66b9335\" data-element_type=\"widget\" data-e-type=\"widget\" data-widget_type=\"text-editor.default\">\n\t\t\t\t<div class=\"elementor-widget-container\">\n\t\t\t\t\t\t\t\t\t<p style=\"text-align: center;\"><span style=\"text-decoration: underline;\"><strong>SCHRITT 1<\/strong><\/span><\/p><p>Sobald das Spiel vollst\u00e4ndig geladen ist, rufen Sie die Konsole mit der Taste <strong>ALT+F7<\/strong> Tasten und geben Sie den folgenden Befehl ein:<br \/>\"login 12\" (ohne Anf\u00fchrungszeichen).<\/p><p><img decoding=\"async\" class=\"size-full wp-image-568 aligncenter\" src=\"https:\/\/csneo.net\/wp-content\/uploads\/2019\/08\/console.jpg\" alt=\"Console\" width=\"1272\" height=\"952\" \/><\/p><p>Sie k\u00f6nnen die Zahlen nach Belieben \u00e4ndern: 33, 69, 71 und so weiter.<\/p><p style=\"text-align: center;\"><span style=\"text-decoration: underline;\"><strong>SCHRITT 2<\/strong><\/span><\/p><p>Klicken Sie bei der Aufforderung auf \"OK\" und geben Sie einen beliebigen Benutzernamen ein. Klicken Sie dann auf den <strong>(\u6c7a\u5b9a)<\/strong> Taste, gefolgt von der <strong>[\u306f\u3044]<\/strong> und warten Sie einige Sekunden. Das Hauptmen\u00fc sollte erscheinen.<\/p><p style=\"text-align: center;\"><span style=\"text-decoration: underline;\"><strong>SCHRITT 3<\/strong><\/span><\/p><p>Der Einfachheit halber \u00f6ffnen Sie die Konsole erneut mit dem Befehl <strong>ALT+F7<\/strong> Taste und geben Sie die Karte ein (z.B. Karte neo_06collision). Eine Liste der spielbaren Karten finden Sie unter <span style=\"color: #0000ff;\"><strong><a style=\"color: #0000ff;\" href=\"https:\/\/csneo.net\/de\/guide\/maps\/\">hier<\/a>.<\/strong><\/span>\u00a0<\/p><p><div id=\"csneo-2526230270\"><script async src=\"\/\/pagead2.googlesyndication.com\/pagead\/js\/adsbygoogle.js?client=ca-pub-5792463072011307\" crossorigin=\"anonymous\"><\/script><ins class=\"adsbygoogle\" style=\"display:block; text-align:center;\" data-ad-client=\"ca-pub-5792463072011307\" \ndata-ad-slot=\"2424494967\" \ndata-ad-layout=\"in-article\"\ndata-ad-format=\"fluid\" data-full-width-responsive=\"true\"><\/ins>\n<script> \n(adsbygoogle = window.adsbygoogle || []).push({}); \n<\/script>\n<\/div><\/p><p style=\"text-align: center;\"><span style=\"text-decoration: underline;\"><strong>SCHRITT 4<\/strong><\/span><\/p><p>Sobald die Karte geladen ist, greifen Sie erneut auf die Konsole zu und geben den Befehl <strong>bot_add<\/strong> Befehl, um Bots zum Team hinzuzuf\u00fcgen.<\/p><p><img loading=\"lazy\" decoding=\"async\" class=\"alignnone size-full wp-image-569\" src=\"https:\/\/csneo.net\/wp-content\/uploads\/2019\/08\/add-bot.jpg\" alt=\"Add Bot\" width=\"1278\" height=\"957\" \/><\/p><p>Eine ausf\u00fchrliche Anleitung, einschlie\u00dflich LAN\/Online-Spiel, finden Sie hier <span style=\"color: #0000ff;\"><strong><a style=\"color: #0000ff;\" href=\"https:\/\/csneo.net\/de\/guide\/\">Leitfaden<\/a>.<\/strong><\/span><\/p>\t\t\t\t\t\t\t\t<\/div>\n\t\t\t\t<\/div>\n\t\t\t\t\t<\/div>\n\t\t<\/div>\n\t\t\t\t<div class=\"aux-parallax-section elementor-column elementor-col-33 elementor-top-column elementor-element elementor-element-8f3a31d\" data-id=\"8f3a31d\" data-element_type=\"column\" data-e-type=\"column\">\n\t\t\t<div class=\"elementor-widget-wrap\">\n\t\t\t\t\t\t\t<\/div>\n\t\t<\/div>\n\t\t\t\t\t<\/div>\n\t\t<\/section>\n\t\t\t\t<\/div>","protected":false},"excerpt":{"rendered":"<p>Herunterladen\/ Spielen Da Counter-Strike NEO nie f\u00fcr den Einsatz au\u00dferhalb des Linux-\u00d6kosystems geplant war, ist ein spezieller Emulator erforderlich, um die Dateien auszuf\u00fchren. Derzeit ist das Spiel vollst\u00e4ndig auf Japanisch, daher sollten Sie nach dem Starten von NEO die Anleitung f\u00fcr einen detaillierten L\u00f6sungsweg lesen. Einrichten des Emulators SCHRITT 1 Laden Sie die Spieldateien herunter und extrahieren Sie die Datei contents2.bin (einschlie\u00dflich [...]<\/p>","protected":false},"author":1,"featured_media":0,"parent":0,"menu_order":0,"comment_status":"closed","ping_status":"closed","template":"","meta":{"footnotes":""},"class_list":["post-426","page","type-page","status-publish","hentry"],"yoast_head":"<!-- This site is optimized with the Yoast SEO plugin v27.3 - https:\/\/yoast.com\/product\/yoast-seo-wordpress\/ -->\n<title>Counter Strike NEO - Download<\/title>\n<meta name=\"description\" content=\"Download, install and play Counter-Strike NEO with this step-by-step tutorial.\" \/>\n<meta name=\"robots\" content=\"index, follow, max-snippet:-1, max-image-preview:large, max-video-preview:-1\" \/>\n<link rel=\"canonical\" href=\"https:\/\/csneo.net\/de\/download\/\" \/>\n<meta property=\"og:locale\" content=\"de_DE\" \/>\n<meta property=\"og:type\" content=\"article\" \/>\n<meta property=\"og:title\" content=\"Counter Strike NEO - Download\" \/>\n<meta property=\"og:description\" content=\"Download, install and play Counter-Strike NEO with this step-by-step tutorial.\" \/>\n<meta property=\"og:url\" content=\"https:\/\/csneo.net\/de\/download\/\" \/>\n<meta property=\"og:site_name\" content=\"Counter Strike NEO\" \/>\n<meta property=\"article:modified_time\" content=\"2025-12-10T17:23:29+00:00\" \/>\n<meta property=\"og:image\" content=\"https:\/\/csneo.net\/wp-content\/uploads\/2020\/11\/csneo-icon.jpg\" \/>\n\t<meta property=\"og:image:width\" content=\"200\" \/>\n\t<meta property=\"og:image:height\" content=\"200\" \/>\n\t<meta property=\"og:image:type\" content=\"image\/jpeg\" \/>\n<meta name=\"twitter:card\" content=\"summary_large_image\" \/>\n<meta name=\"twitter:title\" content=\"Counter Strike NEO - Download\" \/>\n<meta name=\"twitter:description\" content=\"Download, install and play Counter-Strike NEO with this step-by-step tutorial.\" \/>\n<meta name=\"twitter:image\" content=\"https:\/\/csneo.net\/wp-content\/uploads\/2020\/11\/csneo-icon.jpg\" \/>\n<meta name=\"twitter:site\" content=\"@useru_cso\" \/>\n<meta name=\"twitter:label1\" content=\"Gesch\u00e4tzte Lesezeit\" \/>\n\t<meta name=\"twitter:data1\" content=\"3\u00a0Minuten\" \/>\n<script type=\"application\/ld+json\" class=\"yoast-schema-graph\">{\"@context\":\"https:\\\/\\\/schema.org\",\"@graph\":[{\"@type\":\"WebPage\",\"@id\":\"https:\\\/\\\/csneo.net\\\/download\\\/\",\"url\":\"https:\\\/\\\/csneo.net\\\/download\\\/\",\"name\":\"Counter Strike NEO - Download\",\"isPartOf\":{\"@id\":\"https:\\\/\\\/csneo.net\\\/#website\"},\"primaryImageOfPage\":{\"@id\":\"https:\\\/\\\/csneo.net\\\/download\\\/#primaryimage\"},\"image\":{\"@id\":\"https:\\\/\\\/csneo.net\\\/download\\\/#primaryimage\"},\"thumbnailUrl\":\"https:\\\/\\\/csneo.net\\\/wp-content\\\/uploads\\\/2019\\\/08\\\/extract-csneo-libs.jpg\",\"datePublished\":\"2019-08-07T09:13:56+00:00\",\"dateModified\":\"2025-12-10T17:23:29+00:00\",\"description\":\"Download, install and play Counter-Strike NEO with this step-by-step tutorial.\",\"breadcrumb\":{\"@id\":\"https:\\\/\\\/csneo.net\\\/download\\\/#breadcrumb\"},\"inLanguage\":\"de\",\"potentialAction\":[{\"@type\":\"ReadAction\",\"target\":[\"https:\\\/\\\/csneo.net\\\/download\\\/\"]}]},{\"@type\":\"ImageObject\",\"inLanguage\":\"de\",\"@id\":\"https:\\\/\\\/csneo.net\\\/download\\\/#primaryimage\",\"url\":\"https:\\\/\\\/csneo.net\\\/wp-content\\\/uploads\\\/2019\\\/08\\\/extract-csneo-libs.jpg\",\"contentUrl\":\"https:\\\/\\\/csneo.net\\\/wp-content\\\/uploads\\\/2019\\\/08\\\/extract-csneo-libs.jpg\"},{\"@type\":\"BreadcrumbList\",\"@id\":\"https:\\\/\\\/csneo.net\\\/download\\\/#breadcrumb\",\"itemListElement\":[{\"@type\":\"ListItem\",\"position\":1,\"name\":\"Home\",\"item\":\"https:\\\/\\\/csneo.net\\\/\"},{\"@type\":\"ListItem\",\"position\":2,\"name\":\"Download\"}]},{\"@type\":\"WebSite\",\"@id\":\"https:\\\/\\\/csneo.net\\\/#website\",\"url\":\"https:\\\/\\\/csneo.net\\\/\",\"name\":\"Counter Strike NEO\",\"description\":\"Japanese Arcade Counter-Strike\",\"publisher\":{\"@id\":\"https:\\\/\\\/csneo.net\\\/#\\\/schema\\\/person\\\/bb8e4f7ce94709f3c60196a43ac92d39\"},\"alternateName\":\"CS Neo\",\"potentialAction\":[{\"@type\":\"SearchAction\",\"target\":{\"@type\":\"EntryPoint\",\"urlTemplate\":\"https:\\\/\\\/csneo.net\\\/?s={search_term_string}\"},\"query-input\":{\"@type\":\"PropertyValueSpecification\",\"valueRequired\":true,\"valueName\":\"search_term_string\"}}],\"inLanguage\":\"de\"},{\"@type\":[\"Person\",\"Organization\"],\"@id\":\"https:\\\/\\\/csneo.net\\\/#\\\/schema\\\/person\\\/bb8e4f7ce94709f3c60196a43ac92d39\",\"name\":\"UserU\",\"image\":{\"@type\":\"ImageObject\",\"inLanguage\":\"de\",\"@id\":\"https:\\\/\\\/csneo.net\\\/wp-content\\\/uploads\\\/2020\\\/11\\\/csneo-icon.jpg\",\"url\":\"https:\\\/\\\/csneo.net\\\/wp-content\\\/uploads\\\/2020\\\/11\\\/csneo-icon.jpg\",\"contentUrl\":\"https:\\\/\\\/csneo.net\\\/wp-content\\\/uploads\\\/2020\\\/11\\\/csneo-icon.jpg\",\"width\":200,\"height\":200,\"caption\":\"UserU\"},\"logo\":{\"@id\":\"https:\\\/\\\/csneo.net\\\/wp-content\\\/uploads\\\/2020\\\/11\\\/csneo-icon.jpg\"},\"sameAs\":[\"https:\\\/\\\/x.com\\\/https:\\\/\\\/twitter.com\\\/useru_cso\",\"https:\\\/\\\/youtube.com\\\/c\\\/useru\"]}]}<\/script>\n<!-- \/ Yoast SEO plugin. -->","yoast_head_json":{"title":"Counter Strike NEO - Download","description":"Download, install and play Counter-Strike NEO with this step-by-step tutorial.","robots":{"index":"index","follow":"follow","max-snippet":"max-snippet:-1","max-image-preview":"max-image-preview:large","max-video-preview":"max-video-preview:-1"},"canonical":"https:\/\/csneo.net\/de\/download\/","og_locale":"de_DE","og_type":"article","og_title":"Counter Strike NEO - Download","og_description":"Download, install and play Counter-Strike NEO with this step-by-step tutorial.","og_url":"https:\/\/csneo.net\/de\/download\/","og_site_name":"Counter Strike NEO","article_modified_time":"2025-12-10T17:23:29+00:00","og_image":[{"width":200,"height":200,"url":"https:\/\/csneo.net\/wp-content\/uploads\/2020\/11\/csneo-icon.jpg","type":"image\/jpeg"}],"twitter_card":"summary_large_image","twitter_title":"Counter Strike NEO - Download","twitter_description":"Download, install and play Counter-Strike NEO with this step-by-step tutorial.","twitter_image":"https:\/\/csneo.net\/wp-content\/uploads\/2020\/11\/csneo-icon.jpg","twitter_site":"@useru_cso","twitter_misc":{"Gesch\u00e4tzte Lesezeit":"3\u00a0Minuten"},"schema":{"@context":"https:\/\/schema.org","@graph":[{"@type":"WebPage","@id":"https:\/\/csneo.net\/download\/","url":"https:\/\/csneo.net\/download\/","name":"Counter Strike NEO - Download","isPartOf":{"@id":"https:\/\/csneo.net\/#website"},"primaryImageOfPage":{"@id":"https:\/\/csneo.net\/download\/#primaryimage"},"image":{"@id":"https:\/\/csneo.net\/download\/#primaryimage"},"thumbnailUrl":"https:\/\/csneo.net\/wp-content\/uploads\/2019\/08\/extract-csneo-libs.jpg","datePublished":"2019-08-07T09:13:56+00:00","dateModified":"2025-12-10T17:23:29+00:00","description":"Download, install and play Counter-Strike NEO with this step-by-step tutorial.","breadcrumb":{"@id":"https:\/\/csneo.net\/download\/#breadcrumb"},"inLanguage":"de","potentialAction":[{"@type":"ReadAction","target":["https:\/\/csneo.net\/download\/"]}]},{"@type":"ImageObject","inLanguage":"de","@id":"https:\/\/csneo.net\/download\/#primaryimage","url":"https:\/\/csneo.net\/wp-content\/uploads\/2019\/08\/extract-csneo-libs.jpg","contentUrl":"https:\/\/csneo.net\/wp-content\/uploads\/2019\/08\/extract-csneo-libs.jpg"},{"@type":"BreadcrumbList","@id":"https:\/\/csneo.net\/download\/#breadcrumb","itemListElement":[{"@type":"ListItem","position":1,"name":"Home","item":"https:\/\/csneo.net\/"},{"@type":"ListItem","position":2,"name":"Download"}]},{"@type":"WebSite","@id":"https:\/\/csneo.net\/#website","url":"https:\/\/csneo.net\/","name":"Counter Strike NEO","description":"Japanese Arcade Counter-Strike","publisher":{"@id":"https:\/\/csneo.net\/#\/schema\/person\/bb8e4f7ce94709f3c60196a43ac92d39"},"alternateName":"CS Neo","potentialAction":[{"@type":"SearchAction","target":{"@type":"EntryPoint","urlTemplate":"https:\/\/csneo.net\/?s={search_term_string}"},"query-input":{"@type":"PropertyValueSpecification","valueRequired":true,"valueName":"search_term_string"}}],"inLanguage":"de"},{"@type":["Person","Organization"],"@id":"https:\/\/csneo.net\/#\/schema\/person\/bb8e4f7ce94709f3c60196a43ac92d39","name":"UserU","image":{"@type":"ImageObject","inLanguage":"de","@id":"https:\/\/csneo.net\/wp-content\/uploads\/2020\/11\/csneo-icon.jpg","url":"https:\/\/csneo.net\/wp-content\/uploads\/2020\/11\/csneo-icon.jpg","contentUrl":"https:\/\/csneo.net\/wp-content\/uploads\/2020\/11\/csneo-icon.jpg","width":200,"height":200,"caption":"UserU"},"logo":{"@id":"https:\/\/csneo.net\/wp-content\/uploads\/2020\/11\/csneo-icon.jpg"},"sameAs":["https:\/\/x.com\/https:\/\/twitter.com\/useru_cso","https:\/\/youtube.com\/c\/useru"]}]}},"_links":{"self":[{"href":"https:\/\/csneo.net\/de\/wp-json\/wp\/v2\/pages\/426","targetHints":{"allow":["GET"]}}],"collection":[{"href":"https:\/\/csneo.net\/de\/wp-json\/wp\/v2\/pages"}],"about":[{"href":"https:\/\/csneo.net\/de\/wp-json\/wp\/v2\/types\/page"}],"author":[{"embeddable":true,"href":"https:\/\/csneo.net\/de\/wp-json\/wp\/v2\/users\/1"}],"replies":[{"embeddable":true,"href":"https:\/\/csneo.net\/de\/wp-json\/wp\/v2\/comments?post=426"}],"version-history":[{"count":1,"href":"https:\/\/csneo.net\/de\/wp-json\/wp\/v2\/pages\/426\/revisions"}],"predecessor-version":[{"id":3549,"href":"https:\/\/csneo.net\/de\/wp-json\/wp\/v2\/pages\/426\/revisions\/3549"}],"wp:attachment":[{"href":"https:\/\/csneo.net\/de\/wp-json\/wp\/v2\/media?parent=426"}],"curies":[{"name":"wp","href":"https:\/\/api.w.org\/{rel}","templated":true}]}}