{"id":291,"date":"2019-06-08T01:45:57","date_gmt":"2019-06-07T17:45:57","guid":{"rendered":"https:\/\/csneo.net\/?page_id=291"},"modified":"2025-12-11T01:31:36","modified_gmt":"2025-12-10T17:31:36","slug":"history","status":"publish","type":"page","link":"https:\/\/csneo.net\/de\/history\/","title":{"rendered":"Geschichte"},"content":{"rendered":"<div data-elementor-type=\"wp-post\" data-elementor-id=\"291\" class=\"elementor elementor-291\" data-elementor-post-type=\"page\">\n\t\t\t\t\t\t<section class=\"elementor-section elementor-top-section elementor-element elementor-element-772192d3 elementor-section-full_width elementor-section-height-default elementor-section-height-default\" data-id=\"772192d3\" data-element_type=\"section\" data-e-type=\"section\" id=\"sec-margin\" data-settings=\"{&quot;background_background&quot;:&quot;classic&quot;}\">\n\t\t\t\t\t\t<div class=\"elementor-container elementor-column-gap-default\">\n\t\t\t\t\t<div class=\"aux-parallax-section elementor-column elementor-col-33 elementor-top-column elementor-element elementor-element-21b677e3\" data-id=\"21b677e3\" data-element_type=\"column\" data-e-type=\"column\">\n\t\t\t<div class=\"elementor-widget-wrap\">\n\t\t\t\t\t\t\t<\/div>\n\t\t<\/div>\n\t\t\t\t<div class=\"aux-parallax-section elementor-column elementor-col-33 elementor-top-column elementor-element elementor-element-65e25a72\" data-id=\"65e25a72\" data-element_type=\"column\" data-e-type=\"column\" data-settings=\"{&quot;background_background&quot;:&quot;classic&quot;}\">\n\t\t\t<div class=\"elementor-widget-wrap elementor-element-populated\">\n\t\t\t\t\t\t<div class=\"elementor-element elementor-element-45d1061 elementor-widget elementor-widget-heading\" data-id=\"45d1061\" data-element_type=\"widget\" data-e-type=\"widget\" data-widget_type=\"heading.default\">\n\t\t\t\t<div class=\"elementor-widget-container\">\n\t\t\t\t\t<h1 class=\"elementor-heading-title elementor-size-xl\">Geschichte<\/h1>\t\t\t\t<\/div>\n\t\t\t\t<\/div>\n\t\t\t\t<div class=\"elementor-element elementor-element-3daa7821 elementor-widget elementor-widget-text-editor\" data-id=\"3daa7821\" data-element_type=\"widget\" data-e-type=\"widget\" data-widget_type=\"text-editor.default\">\n\t\t\t\t<div class=\"elementor-widget-container\">\n\t\t\t\t\t\t\t\t\t<p>Eine kurze Geschichte dar\u00fcber, wie Counter-Strike NEO versuchte, den japanischen Markt angesichts der steigenden Popularit\u00e4t der titelgebenden Counter-Strike-Serie zu erobern.<\/p>\t\t\t\t\t\t\t\t<\/div>\n\t\t\t\t<\/div>\n\t\t\t\t\t<\/div>\n\t\t<\/div>\n\t\t\t\t<div class=\"aux-parallax-section elementor-column elementor-col-33 elementor-top-column elementor-element elementor-element-1b093750\" data-id=\"1b093750\" data-element_type=\"column\" data-e-type=\"column\">\n\t\t\t<div class=\"elementor-widget-wrap\">\n\t\t\t\t\t\t\t<\/div>\n\t\t<\/div>\n\t\t\t\t\t<\/div>\n\t\t<\/section>\n\t\t\t\t<section class=\"elementor-section elementor-top-section elementor-element elementor-element-888cedd elementor-section-full_width elementor-section-height-default elementor-section-height-default\" data-id=\"888cedd\" data-element_type=\"section\" data-e-type=\"section\" data-settings=\"{&quot;background_background&quot;:&quot;classic&quot;}\">\n\t\t\t\t\t\t<div class=\"elementor-container elementor-column-gap-default\">\n\t\t\t\t\t<div class=\"aux-parallax-section elementor-column elementor-col-33 elementor-top-column elementor-element elementor-element-1d0881e\" data-id=\"1d0881e\" data-element_type=\"column\" data-e-type=\"column\">\n\t\t\t<div class=\"elementor-widget-wrap\">\n\t\t\t\t\t\t\t<\/div>\n\t\t<\/div>\n\t\t\t\t<div class=\"aux-parallax-section elementor-column elementor-col-33 elementor-top-column elementor-element elementor-element-a4bf34d\" data-id=\"a4bf34d\" data-element_type=\"column\" data-e-type=\"column\" data-settings=\"{&quot;background_background&quot;:&quot;classic&quot;}\">\n\t\t\t<div class=\"elementor-widget-wrap elementor-element-populated\">\n\t\t\t\t\t\t<div class=\"elementor-element elementor-element-0e811fa elementor-widget elementor-widget-text-editor\" data-id=\"0e811fa\" data-element_type=\"widget\" data-e-type=\"widget\" data-widget_type=\"text-editor.default\">\n\t\t\t\t<div class=\"elementor-widget-container\">\n\t\t\t\t\t\t\t\t\t<h3><span style=\"text-decoration: underline;\"><strong>EIN SPIEL, DAS VERBINDET<br \/><\/strong><\/span><\/h3><p>Counter-Strike NEO wurde 2005 als L\u00f6sung f\u00fcr das stagnierende Netzwerkspielproblem entwickelt, das auf den Mangel an packenden Titeln, insbesondere First-Person-Shootern (FPS), in Japan zur\u00fcckzuf\u00fchren war.<\/p><p>Vor vier Jahren wollte der damalige Projektleiter von Namco Bandai, Tetsuo Tsuchiya, den Erfolg der wettbewerbsorientierten Spiele in den USA nachahmen. <strong>aufgrund begrenzter Budgets,<\/strong> hat er es vermieden, Ressourcen f\u00fcr die Entwicklung eines Titels zu verschwenden, wenn es so viele Konkurrenten gibt. Stattdessen konzentrierte er sich auf Counter-Strike, nachdem er dessen steigende Popularit\u00e4t bemerkt hatte.<\/p><p><a href=\"https:\/\/csneo.net\/wp-content\/uploads\/2022\/11\/neo-banners.webp\"><img fetchpriority=\"high\" decoding=\"async\" class=\"wp-image-3133 size-full aligncenter\" src=\"https:\/\/csneo.net\/wp-content\/uploads\/2022\/11\/neo-banners.webp\" alt=\"CS Neo Characters\" width=\"1024\" height=\"576\" \/><\/a><\/p><p>Nachdem er die Lizenz von Valve Software erhalten hatte, um das Spiel in Japan zu vermarkten, war Counter-Strike NEO geboren.<\/p><p><div id=\"csneo-694922511\"><script async src=\"\/\/pagead2.googlesyndication.com\/pagead\/js\/adsbygoogle.js?client=ca-pub-5792463072011307\" crossorigin=\"anonymous\"><\/script><ins class=\"adsbygoogle\" style=\"display:block; text-align:center;\" data-ad-client=\"ca-pub-5792463072011307\" \ndata-ad-slot=\"2424494967\" \ndata-ad-layout=\"in-article\"\ndata-ad-format=\"fluid\" data-full-width-responsive=\"true\"><\/ins>\n<script> \n(adsbygoogle = window.adsbygoogle || []).push({}); \n<\/script>\n<\/div><\/p><h3><span style=\"text-decoration: underline;\"><span style=\"color: #000000;\"><strong>ZU GEWALTT\u00c4TIG<\/strong><\/span><br \/><\/span><\/h3><p>Doch es gab ein Problem. <strong>Counter-Strike wurde f\u00fcr japanische Verh\u00e4ltnisse als zu \"d\u00fcster\" oder \"gewaltt\u00e4tig\" angesehen.<\/strong> Muskelm\u00e4nner mit Sturmhauben und grimmigen Gesichtern geh\u00f6rten einfach nicht in eine Kultur der <em>kawaii,<\/em> oder niedlich. Deshalb wurde das gesamte Design in ein cyborgartiges, futuristisches, anime\u00e4hnliches Kunstwerk verwandelt.<\/p><p>Au\u00dferdem kam Tsuchiya zu dem Schluss, dass die japanischen Spieler die kultigen Radiosender \"TERRORISTS WIN\" oder \"BOMB HAS BEEN PLANTED\" nicht m\u00f6gen w\u00fcrden, so dass die Fraktionen \"Counter-Terrorist\" und \"Terrorist\" durch NEO bzw. CSF (Cosmopolitan Special Forces) ersetzt wurden. Die Hauptansagerin wurde ebenfalls von einer Frau gesprochen.<\/p><h3><span style=\"text-decoration: underline;\"><strong>LINUX-ONLY<\/strong><\/span><\/h3><p>Da Internet-Caf\u00e9s sehr beliebt waren, lief NEO auf Standard-5-gegen-5-Rechnern in exklusiven <strong>LEDZONE<\/strong> Caf\u00e9s, die \u00fcber ganz Tokio verstreut sind. Im Gegensatz zur traditionellen Umgebung hatten die Automaten LEDs mit wechselnden Farben und Sitze mit eingebauten Lautsprechern, um ein gewisses Ma\u00df an Immersion zu gew\u00e4hrleisten. Der Kontoverlauf wurde auf Spielkarten gespeichert, die das bestehende System erg\u00e4nzten. <strong>umlagefinanziertes Gesch\u00e4ftsmodell.<\/strong><a href=\"https:\/\/csneo.net\/wp-content\/uploads\/2019\/08\/card-sys.jpg\"><br \/><img decoding=\"async\" class=\"aligncenter wp-image-472 size-full\" src=\"https:\/\/csneo.net\/wp-content\/uploads\/2019\/08\/card-sys.jpg\" alt=\"Card System\" width=\"900\" height=\"290\" \/><\/a><\/p><p>Die LEDZONE-Server sammelten auch Zufallsdaten von allen Online-Maschinen, um den Kunden einen ma\u00dfgeschneiderten Service bieten zu k\u00f6nnen. So rieten die Mitarbeiter beispielsweise Spielern, die h\u00e4ufig an einem Ort campierten, h\u00e4ufiger aktiv zu jagen.<\/p><h3><span style=\"text-decoration: underline;\"><strong>UPDATES UND PATCHES VON NAMCO<\/strong><\/span><\/h3><p>Interessant ist auch, dass das Entwicklerteam von Counter-Strike NEO (Namco Bandai) die von den LEDZONE-Servern gesammelten Daten \u00fcberwachte, um auf Spielmuster und Feedback reagieren zu k\u00f6nnen. Sollte beispielsweise die AWP zu oft benutzt werden, w\u00fcrde Namco einen zuk\u00fcnftigen Patch ver\u00f6ffentlichen, der den Preis ein wenig h\u00f6her anpasst. F\u00fcr diejenigen, die das ber\u00fcchtigte <span style=\"color: #0000ff;\"><strong><a style=\"color: #0000ff;\" href=\"https:\/\/counterstrike.fandom.com\/wiki\/Dynamic_Weapon_Pricing\" target=\"_blank\" rel=\"noopener\">Dynamische Preisgestaltung f\u00fcr Waffen<\/a><\/strong>,<\/span> war dies im Grunde eine erweiterte Version.<\/p><p><div id=\"csneo-3402104507\"><script async src=\"\/\/pagead2.googlesyndication.com\/pagead\/js\/adsbygoogle.js?client=ca-pub-5792463072011307\" crossorigin=\"anonymous\"><\/script><ins class=\"adsbygoogle\" style=\"display:block; text-align:center;\" data-ad-client=\"ca-pub-5792463072011307\" \ndata-ad-slot=\"2424494967\" \ndata-ad-layout=\"in-article\"\ndata-ad-format=\"fluid\" data-full-width-responsive=\"true\"><\/ins>\n<script> \n(adsbygoogle = window.adsbygoogle || []).push({}); \n<\/script>\n<\/div><\/p><p>Um das Publikum noch mehr anzusprechen und zu binden, f\u00fchrte Namco <strong>Einzelspieler-Missionen und -Minispiele<\/strong> F\u00fcr das Absolvieren dieser Aufgaben erhielten die Spieler besondere Preise, zus\u00e4tzlich zu den auf verschiedene Feiertage und Jahreszeiten abgestimmten In-Game-Events.<\/p><p><a href=\"https:\/\/csneo.net\/wp-content\/uploads\/2019\/08\/single-player.jpg\"><img decoding=\"async\" class=\"aligncenter wp-image-470 size-medium\" src=\"https:\/\/csneo.net\/wp-content\/uploads\/2019\/08\/single-player-300x300.jpg\" alt=\"Single Player Missions\" width=\"300\" height=\"300\" srcset=\"https:\/\/csneo.net\/wp-content\/uploads\/2019\/08\/single-player-300x300.jpg 300w, https:\/\/csneo.net\/wp-content\/uploads\/2019\/08\/single-player-150x150.jpg 150w, https:\/\/csneo.net\/wp-content\/uploads\/2019\/08\/single-player-768x768.jpg 768w\" sizes=\"(max-width: 300px) 100vw, 300px\" \/><\/a><\/p><p>Dabei spielten das Ranglisten-Matchmaking und das Verhalten der Community eine wichtige Rolle f\u00fcr das Gesch\u00e4ftsmodell des Spiels. <strong>Karma<\/strong> fungierte als \"W\u00e4hrung\", mit der die Spieler anderen freiwillig Geld und Komplimente zukommen lie\u00dfen, was von den Servern \u00fcberwacht wurde.<\/p><p>Schlechter Sportsgeist, wie z. B. Campen und absichtliches T\u00f6ten von Mitspielern, wurde in der Regel mit einer Verwarnung geahndet, deren Nichtbeachtung zu drastischeren Ma\u00dfnahmen wie der Sichtbarmachung auf dem Kartenradar f\u00fchrte. All diese Ma\u00dfnahmen trugen dazu bei, eine weniger toxische Spielumgebung zu schaffen.<\/p><h3><span style=\"text-decoration: underline;\"><strong>DIE SCHLIESSUNG<\/strong><\/span><\/h3><p>Nach einigen Jahren lie\u00df das Interesse an Counter-Strike NEO allm\u00e4hlich nach und es wurde klar, dass seine Tage gez\u00e4hlt waren. Schlie\u00dflich schaltete Namco die Spielserver am 1. Februar 2010 ab.<\/p>\t\t\t\t\t\t\t\t<\/div>\n\t\t\t\t<\/div>\n\t\t\t\t<div class=\"elementor-element elementor-element-e5f928a elementor-widget elementor-widget-shortcode\" data-id=\"e5f928a\" data-element_type=\"widget\" data-e-type=\"widget\" data-widget_type=\"shortcode.default\">\n\t\t\t\t<div class=\"elementor-widget-container\">\n\t\t\t\t\t\t\t<div class=\"elementor-shortcode\"><div id=\"csneo-3506398833\"><script async src=\"\/\/pagead2.googlesyndication.com\/pagead\/js\/adsbygoogle.js?client=ca-pub-5792463072011307\" crossorigin=\"anonymous\"><\/script><ins class=\"adsbygoogle\" style=\"display:block;\" data-ad-client=\"ca-pub-5792463072011307\" \ndata-ad-slot=\"9729357651\" \ndata-ad-format=\"auto\" data-full-width-responsive=\"true\"><\/ins>\n<script> \n(adsbygoogle = window.adsbygoogle || []).push({}); \n<\/script>\n<\/div><\/div>\n\t\t\t\t\t\t<\/div>\n\t\t\t\t<\/div>\n\t\t\t\t\t<\/div>\n\t\t<\/div>\n\t\t\t\t<div class=\"aux-parallax-section elementor-column elementor-col-33 elementor-top-column elementor-element elementor-element-1aef442\" data-id=\"1aef442\" data-element_type=\"column\" data-e-type=\"column\">\n\t\t\t<div class=\"elementor-widget-wrap\">\n\t\t\t\t\t\t\t<\/div>\n\t\t<\/div>\n\t\t\t\t\t<\/div>\n\t\t<\/section>\n\t\t\t\t<\/div>","protected":false},"excerpt":{"rendered":"<p>Geschichte Eine kurze Geschichte dar\u00fcber, wie Counter-Strike NEO versuchte, den japanischen Markt angesichts der steigenden Popularit\u00e4t der titelgebenden Counter-Strike-Serie zu erobern. EIN SPIEL ZUR VERBINDUNG 2005 begann Counter-Strike NEO als L\u00f6sung f\u00fcr das stagnierende Problem der Netzwerkspiele, das auf den Mangel an packenden Titeln, insbesondere First-Person-Shootern (FPS), in Japan zur\u00fcckzuf\u00fchren war. [...]<\/p>","protected":false},"author":1,"featured_media":0,"parent":0,"menu_order":0,"comment_status":"closed","ping_status":"closed","template":"","meta":{"footnotes":""},"class_list":["post-291","page","type-page","status-publish","hentry"],"yoast_head":"<!-- This site is optimized with the Yoast SEO plugin v27.4 - https:\/\/yoast.com\/product\/yoast-seo-wordpress\/ -->\n<title>Counter Strike NEO - History<\/title>\n<meta name=\"description\" content=\"The history of Counter-Strike NEO, which never made it outside Japan and why it was a special project by NAMCO.\" \/>\n<meta name=\"robots\" content=\"index, follow, max-snippet:-1, max-image-preview:large, max-video-preview:-1\" \/>\n<link rel=\"canonical\" href=\"https:\/\/csneo.net\/de\/history\/\" \/>\n<meta property=\"og:locale\" content=\"de_DE\" \/>\n<meta property=\"og:type\" content=\"article\" \/>\n<meta property=\"og:title\" content=\"Counter Strike NEO - History\" \/>\n<meta property=\"og:description\" content=\"The history of Counter-Strike NEO, which never made it outside Japan and why it was a special project by NAMCO.\" \/>\n<meta property=\"og:url\" content=\"https:\/\/csneo.net\/de\/history\/\" \/>\n<meta property=\"og:site_name\" content=\"Counter Strike NEO\" \/>\n<meta property=\"article:modified_time\" content=\"2025-12-10T17:31:36+00:00\" \/>\n<meta property=\"og:image\" content=\"https:\/\/csneo.net\/wp-content\/uploads\/2020\/08\/cs-neo-backg.jpg\" \/>\n\t<meta property=\"og:image:width\" content=\"1280\" \/>\n\t<meta property=\"og:image:height\" content=\"720\" \/>\n\t<meta property=\"og:image:type\" content=\"image\/jpeg\" \/>\n<meta name=\"twitter:card\" content=\"summary_large_image\" \/>\n<meta name=\"twitter:title\" content=\"Counter Strike NEO - History\" \/>\n<meta name=\"twitter:description\" content=\"The history of Counter-Strike NEO, which never made it outside Japan and why it was so special by NAMCO.\" \/>\n<meta name=\"twitter:image\" content=\"https:\/\/csneo.net\/wp-content\/uploads\/2020\/11\/csneo-icon.jpg\" \/>\n<meta name=\"twitter:site\" content=\"@useru_cso\" \/>\n<meta name=\"twitter:label1\" content=\"Gesch\u00e4tzte Lesezeit\" \/>\n\t<meta name=\"twitter:data1\" content=\"3\u00a0Minuten\" \/>\n<script type=\"application\/ld+json\" class=\"yoast-schema-graph\">{\"@context\":\"https:\\\/\\\/schema.org\",\"@graph\":[{\"@type\":\"WebPage\",\"@id\":\"https:\\\/\\\/csneo.net\\\/history\\\/\",\"url\":\"https:\\\/\\\/csneo.net\\\/history\\\/\",\"name\":\"Counter Strike NEO - History\",\"isPartOf\":{\"@id\":\"https:\\\/\\\/csneo.net\\\/#website\"},\"primaryImageOfPage\":{\"@id\":\"https:\\\/\\\/csneo.net\\\/history\\\/#primaryimage\"},\"image\":{\"@id\":\"https:\\\/\\\/csneo.net\\\/history\\\/#primaryimage\"},\"thumbnailUrl\":\"https:\\\/\\\/csneo.net\\\/wp-content\\\/uploads\\\/2022\\\/11\\\/neo-banners.webp\",\"datePublished\":\"2019-06-07T17:45:57+00:00\",\"dateModified\":\"2025-12-10T17:31:36+00:00\",\"description\":\"The history of Counter-Strike NEO, which never made it outside Japan and why it was a special project by NAMCO.\",\"breadcrumb\":{\"@id\":\"https:\\\/\\\/csneo.net\\\/history\\\/#breadcrumb\"},\"inLanguage\":\"de\",\"potentialAction\":[{\"@type\":\"ReadAction\",\"target\":[\"https:\\\/\\\/csneo.net\\\/history\\\/\"]}]},{\"@type\":\"ImageObject\",\"inLanguage\":\"de\",\"@id\":\"https:\\\/\\\/csneo.net\\\/history\\\/#primaryimage\",\"url\":\"https:\\\/\\\/csneo.net\\\/wp-content\\\/uploads\\\/2022\\\/11\\\/neo-banners.webp\",\"contentUrl\":\"https:\\\/\\\/csneo.net\\\/wp-content\\\/uploads\\\/2022\\\/11\\\/neo-banners.webp\"},{\"@type\":\"BreadcrumbList\",\"@id\":\"https:\\\/\\\/csneo.net\\\/history\\\/#breadcrumb\",\"itemListElement\":[{\"@type\":\"ListItem\",\"position\":1,\"name\":\"Home\",\"item\":\"https:\\\/\\\/csneo.net\\\/\"},{\"@type\":\"ListItem\",\"position\":2,\"name\":\"History\"}]},{\"@type\":\"WebSite\",\"@id\":\"https:\\\/\\\/csneo.net\\\/#website\",\"url\":\"https:\\\/\\\/csneo.net\\\/\",\"name\":\"Counter Strike NEO\",\"description\":\"Japanese Arcade Counter-Strike\",\"publisher\":{\"@id\":\"https:\\\/\\\/csneo.net\\\/#\\\/schema\\\/person\\\/bb8e4f7ce94709f3c60196a43ac92d39\"},\"alternateName\":\"CS Neo\",\"potentialAction\":[{\"@type\":\"SearchAction\",\"target\":{\"@type\":\"EntryPoint\",\"urlTemplate\":\"https:\\\/\\\/csneo.net\\\/?s={search_term_string}\"},\"query-input\":{\"@type\":\"PropertyValueSpecification\",\"valueRequired\":true,\"valueName\":\"search_term_string\"}}],\"inLanguage\":\"de\"},{\"@type\":[\"Person\",\"Organization\"],\"@id\":\"https:\\\/\\\/csneo.net\\\/#\\\/schema\\\/person\\\/bb8e4f7ce94709f3c60196a43ac92d39\",\"name\":\"UserU\",\"image\":{\"@type\":\"ImageObject\",\"inLanguage\":\"de\",\"@id\":\"https:\\\/\\\/csneo.net\\\/wp-content\\\/uploads\\\/2020\\\/11\\\/csneo-icon.jpg\",\"url\":\"https:\\\/\\\/csneo.net\\\/wp-content\\\/uploads\\\/2020\\\/11\\\/csneo-icon.jpg\",\"contentUrl\":\"https:\\\/\\\/csneo.net\\\/wp-content\\\/uploads\\\/2020\\\/11\\\/csneo-icon.jpg\",\"width\":200,\"height\":200,\"caption\":\"UserU\"},\"logo\":{\"@id\":\"https:\\\/\\\/csneo.net\\\/wp-content\\\/uploads\\\/2020\\\/11\\\/csneo-icon.jpg\"},\"sameAs\":[\"https:\\\/\\\/x.com\\\/https:\\\/\\\/twitter.com\\\/useru_cso\",\"https:\\\/\\\/youtube.com\\\/c\\\/useru\"]}]}<\/script>\n<!-- \/ Yoast SEO plugin. -->","yoast_head_json":{"title":"Counter Strike NEO - History","description":"The history of Counter-Strike NEO, which never made it outside Japan and why it was a special project by NAMCO.","robots":{"index":"index","follow":"follow","max-snippet":"max-snippet:-1","max-image-preview":"max-image-preview:large","max-video-preview":"max-video-preview:-1"},"canonical":"https:\/\/csneo.net\/de\/history\/","og_locale":"de_DE","og_type":"article","og_title":"Counter Strike NEO - History","og_description":"The history of Counter-Strike NEO, which never made it outside Japan and why it was a special project by NAMCO.","og_url":"https:\/\/csneo.net\/de\/history\/","og_site_name":"Counter Strike NEO","article_modified_time":"2025-12-10T17:31:36+00:00","og_image":[{"width":1280,"height":720,"url":"https:\/\/csneo.net\/wp-content\/uploads\/2020\/08\/cs-neo-backg.jpg","type":"image\/jpeg"}],"twitter_card":"summary_large_image","twitter_title":"Counter Strike NEO - History","twitter_description":"The history of Counter-Strike NEO, which never made it outside Japan and why it was so special by NAMCO.","twitter_image":"https:\/\/csneo.net\/wp-content\/uploads\/2020\/11\/csneo-icon.jpg","twitter_site":"@useru_cso","twitter_misc":{"Gesch\u00e4tzte Lesezeit":"3\u00a0Minuten"},"schema":{"@context":"https:\/\/schema.org","@graph":[{"@type":"WebPage","@id":"https:\/\/csneo.net\/history\/","url":"https:\/\/csneo.net\/history\/","name":"Counter Strike NEO - History","isPartOf":{"@id":"https:\/\/csneo.net\/#website"},"primaryImageOfPage":{"@id":"https:\/\/csneo.net\/history\/#primaryimage"},"image":{"@id":"https:\/\/csneo.net\/history\/#primaryimage"},"thumbnailUrl":"https:\/\/csneo.net\/wp-content\/uploads\/2022\/11\/neo-banners.webp","datePublished":"2019-06-07T17:45:57+00:00","dateModified":"2025-12-10T17:31:36+00:00","description":"The history of Counter-Strike NEO, which never made it outside Japan and why it was a special project by NAMCO.","breadcrumb":{"@id":"https:\/\/csneo.net\/history\/#breadcrumb"},"inLanguage":"de","potentialAction":[{"@type":"ReadAction","target":["https:\/\/csneo.net\/history\/"]}]},{"@type":"ImageObject","inLanguage":"de","@id":"https:\/\/csneo.net\/history\/#primaryimage","url":"https:\/\/csneo.net\/wp-content\/uploads\/2022\/11\/neo-banners.webp","contentUrl":"https:\/\/csneo.net\/wp-content\/uploads\/2022\/11\/neo-banners.webp"},{"@type":"BreadcrumbList","@id":"https:\/\/csneo.net\/history\/#breadcrumb","itemListElement":[{"@type":"ListItem","position":1,"name":"Home","item":"https:\/\/csneo.net\/"},{"@type":"ListItem","position":2,"name":"History"}]},{"@type":"WebSite","@id":"https:\/\/csneo.net\/#website","url":"https:\/\/csneo.net\/","name":"Counter Strike NEO","description":"Japanese Arcade Counter-Strike","publisher":{"@id":"https:\/\/csneo.net\/#\/schema\/person\/bb8e4f7ce94709f3c60196a43ac92d39"},"alternateName":"CS Neo","potentialAction":[{"@type":"SearchAction","target":{"@type":"EntryPoint","urlTemplate":"https:\/\/csneo.net\/?s={search_term_string}"},"query-input":{"@type":"PropertyValueSpecification","valueRequired":true,"valueName":"search_term_string"}}],"inLanguage":"de"},{"@type":["Person","Organization"],"@id":"https:\/\/csneo.net\/#\/schema\/person\/bb8e4f7ce94709f3c60196a43ac92d39","name":"UserU","image":{"@type":"ImageObject","inLanguage":"de","@id":"https:\/\/csneo.net\/wp-content\/uploads\/2020\/11\/csneo-icon.jpg","url":"https:\/\/csneo.net\/wp-content\/uploads\/2020\/11\/csneo-icon.jpg","contentUrl":"https:\/\/csneo.net\/wp-content\/uploads\/2020\/11\/csneo-icon.jpg","width":200,"height":200,"caption":"UserU"},"logo":{"@id":"https:\/\/csneo.net\/wp-content\/uploads\/2020\/11\/csneo-icon.jpg"},"sameAs":["https:\/\/x.com\/https:\/\/twitter.com\/useru_cso","https:\/\/youtube.com\/c\/useru"]}]}},"_links":{"self":[{"href":"https:\/\/csneo.net\/de\/wp-json\/wp\/v2\/pages\/291","targetHints":{"allow":["GET"]}}],"collection":[{"href":"https:\/\/csneo.net\/de\/wp-json\/wp\/v2\/pages"}],"about":[{"href":"https:\/\/csneo.net\/de\/wp-json\/wp\/v2\/types\/page"}],"author":[{"embeddable":true,"href":"https:\/\/csneo.net\/de\/wp-json\/wp\/v2\/users\/1"}],"replies":[{"embeddable":true,"href":"https:\/\/csneo.net\/de\/wp-json\/wp\/v2\/comments?post=291"}],"version-history":[{"count":1,"href":"https:\/\/csneo.net\/de\/wp-json\/wp\/v2\/pages\/291\/revisions"}],"predecessor-version":[{"id":3556,"href":"https:\/\/csneo.net\/de\/wp-json\/wp\/v2\/pages\/291\/revisions\/3556"}],"wp:attachment":[{"href":"https:\/\/csneo.net\/de\/wp-json\/wp\/v2\/media?parent=291"}],"curies":[{"name":"wp","href":"https:\/\/api.w.org\/{rel}","templated":true}]}}